{"id":73,"date":"2025-10-26T21:45:29","date_gmt":"2025-10-26T21:45:29","guid":{"rendered":"http:\/\/fudebiol.com\/?page_id=73"},"modified":"2026-02-17T18:40:18","modified_gmt":"2026-02-17T18:40:18","slug":"historia","status":"publish","type":"page","link":"http:\/\/fudebiol.com\/en\/historia\/","title":{"rendered":"History"},"content":{"rendered":"<div class=\"section-wrapper\" data-id=\"qYPkM7\"><section class=\"wp-block-gutenverse-section guten-element guten-section guten-qYPkM7 layout-boxed align-stretch\"><div class=\"guten-container guten-column-gap-default\">\n<div class=\"wp-block-gutenverse-column guten-element guten-column guten-85BUh2\"><div class=\"guten-column-wrapper\" data-id=\"85BUh2\"><div class=\"guten-background-overlay\"><\/div>\n<div class=\"wp-block-group is-layout-constrained wp-block-group-is-layout-constrained\"><div id=\"guten-f645p8\" class=\"guten-element guten-nav-menu nav-menu break-point-tablet submenu-click-icon\" data-item-indicator=\"gtn gtn-chevron-down-light\" data-close-on-click=\"1\">\n\t\t\t<div class=\"gutenverse-hamburger-wrapper\">\n\t\t\t\t<button class=\"gutenverse-hamburger-menu\" aria-label=\"\">\n\t\t\t\t\t<i aria-hidden=\"true\" class=\"gtn gtn-menu-1-light\"><\/i>\n\t\t\t\t<\/button>\n\t\t\t<\/div>\n\t\t\t\n\t\t\t<div class=\"gutenverse-menu-wrapper\"><div class=\"gutenverse-menu-container\"><ul id=\"menu-fudebiol-menu\" class=\"gutenverse-menu\"><li id=\"menu-item-46\" class=\"menu-item menu-item-type-custom menu-item-object-custom menu-item-46\"><a href=\"javascript:void(0);\" data-href=\"http:\/\/fudebiol.com\/\">Home<\/a><\/li>\n<li id=\"menu-item-47\" class=\"menu-item menu-item-type-custom menu-item-object-custom menu-item-has-children menu-item-47\"><a href=\"javascript:void(0);\" data-href=\"http:\/\/fudebiol.com\/?page_id=63\">About Us<\/a>\n<ul class=\"sub-menu\">\n\t<li id=\"menu-item-48\" class=\"menu-item menu-item-type-custom menu-item-object-custom menu-item-48\"><a href=\"javascript:void(0);\" data-href=\"http:\/\/fudebiol.com\/?page_id=71\">Projects and Services<\/a><\/li>\n\t<li id=\"menu-item-49\" class=\"menu-item menu-item-type-custom menu-item-object-custom menu-item-49\"><a href=\"javascript:void(0);\" data-href=\"http:\/\/fudebiol.com\/?page_id=73\">History<\/a><\/li>\n\t<li id=\"menu-item-51\" class=\"menu-item menu-item-type-custom menu-item-object-custom menu-item-51\"><a href=\"javascript:void(0);\" data-href=\"http:\/\/fudebiol.com\/?page_id=77\">FAQs<\/a><\/li>\n<\/ul>\n<\/li>\n<li id=\"menu-item-50\" class=\"menu-item menu-item-type-custom menu-item-object-custom menu-item-50\"><a href=\"javascript:void(0);\" data-href=\"http:\/\/fudebiol.com\/?page_id=128\">Environmental Education<\/a><\/li>\n<li id=\"menu-item-53\" class=\"menu-item menu-item-type-custom menu-item-object-custom menu-item-53\"><a href=\"javascript:void(0);\" data-href=\"http:\/\/fudebiol.com\/?page_id=82\">Volunteering<\/a><\/li>\n<li id=\"menu-item-52\" class=\"menu-item menu-item-type-custom menu-item-object-custom menu-item-has-children menu-item-52\"><a href=\"javascript:void(0);\" data-href=\"http:\/\/fudebiol.com\/?page_id=78\">Gallery<\/a>\n<ul class=\"sub-menu\">\n\t<li id=\"menu-item-407\" class=\"menu-item menu-item-type-post_type menu-item-object-page menu-item-407\"><a href=\"javascript:void(0);\" data-href=\"http:\/\/fudebiol.com\/en\/eventos\/\">Events<\/a><\/li>\n<\/ul>\n<\/li>\n<li id=\"menu-item-511\" class=\"menu-item menu-item-type-post_type menu-item-object-page menu-item-511\"><a href=\"javascript:void(0);\" data-href=\"http:\/\/fudebiol.com\/en\/noticias\/\">News<\/a><\/li>\n<li id=\"menu-item-55\" class=\"menu-item menu-item-type-custom menu-item-object-custom menu-item-55\"><a href=\"javascript:void(0);\" data-href=\"http:\/\/fudebiol.com\/?page_id=85\">Contact<\/a><\/li>\n<\/ul><\/div>\n\t\t\t\t<div>\n\t\t\t\t\t<div class=\"gutenverse-nav-identity-panel\">\n\t\t\t\t\t\t<div class=\"gutenverse-nav-site-title\">\n\t\t\t\t\t\t\t<a href=\"http:\/\/fudebiol.com\/en\" class=\"gutenverse-nav-logo\"><img decoding=\"async\" src=\"http:\/\/fudebiol.com\/wp-content\/uploads\/2025\/11\/LOGO-BLANCO-232x300.png\" alt=\"Fudebiol - - P\u00e9rez Zeled\u00f3n\"><\/a>\n\t\t\t\t\t\t<\/div>\n\t\t\t\t\t\t<button class=\"gutenverse-close-menu\" aria-label=\"\"><i aria-hidden=\"true\" class=\"gtn gtn-times-solid\"><\/i><\/button>\n\t\t\t\t\t<\/div>\n\t\t\t\t<\/div>\n\t\t\t<\/div>\n\t\t<\/div><\/div>\n\n\n\n<div class=\"guten-element guten-button-wrapper guten-uMaH0I hide-tablet hide-mobile\"><a class=\"guten-button guten-button-sm\" href=\"http:\/\/fudebiol.com\/en\/?page_id=130\"><span>DONATE<\/span><\/a><\/div>\n<\/div><\/div>\n<\/div><\/section><\/div>\n\n\n\n<div class=\"section-wrapper\" data-id=\"HggGbV\"><section class=\"wp-block-gutenverse-section guten-element guten-section guten-HggGbV layout-boxed align-stretch\"><div class=\"guten-background-overlay\"><\/div><div class=\"guten-container guten-column-gap-no\">\n<div class=\"wp-block-gutenverse-column guten-element guten-column guten-vxMl7E\"><div class=\"guten-column-wrapper\" data-id=\"vxMl7E\">\n<h1 class=\"wp-block-gutenverse-heading guten-element guten-BdRbwA\">History<\/h1>\n<\/div><\/div>\n<\/div><\/section><\/div>\n\n\n\n<div class=\"section-wrapper\" data-id=\"C78tK7\"><section class=\"wp-block-gutenverse-section guten-element guten-section guten-C78tK7 layout-boxed align-stretch\"><div class=\"guten-container guten-column-gap-no\">\n<div class=\"wp-block-gutenverse-column guten-element guten-column guten-pWRtSR\"><div class=\"guten-column-wrapper\" data-id=\"pWRtSR\">\n<h2 class=\"wp-block-gutenverse-heading guten-element guten-MNXbGe\">Our Story <\/h2>\n\n\n\n<div class=\"guten-element gutenverse-text-editor guten-E7UZmd\"><div class=\"text-content-inner\">\n<p class=\"has-text-align-center\">The Las Quebradas Biological Center Development Foundation (FUDEBIOL) was established on May 13, 1989, as a visionary initiative by the Quebradas community in P\u00e9rez Zeled\u00f3n, at a time when forests were being cut down and the Quebradas River\u2019s natural springs were starting to decline. In response, 33 community leaders from San Isidro and Quebradas (24 men and 9 women) came together, driven by the need to protect the canton\u2019s water, to create a nonprofit organization dedicated to conserving the natural resources of the Quebradas River watershed.<\/p>\n\n\n\n<p class=\"has-text-align-center\"><br>Driven by committed community leaders and supported by local institutions, the vision of creating a foundation under Costa Rica\u2019s Foundations Law No. 5338 became a reality. A dedicated group of citizens led this effort, headed by Luis Fallas Calder\u00f3n, the main driving force behind the initiative, alongside leaders such as Ana L\u00eda Valenciano, Manuel Retana Chinchilla, and Judith Calder\u00f3n Fonseca. That same year, FUDEBIOL was recognized as a public interest organization, highlighting its vital role in protecting the water resources that supply thousands of people in San Isidro de El General.<\/p>\n\n\n\n<p class=\"has-text-align-center\"><br>A key milestone in this journey was the development of the Las Quebradas Biological Center, made possible by an initial donation of 5,250 square meters from the Camacho family. Over time, and through significant effort, 35 hectares of forest were acquired. Mr. Daniel Camacho Monge later made another generous contribution, donating two properties totaling nearly 30 hectares. With additional land acquisitions, the foundation now oversees 76 hectares in total. Today, this area serves as a sanctuary for biodiversity, a hub for scientific research, and a living classroom for environmental education.<\/p>\n\n\n\n<p class=\"has-text-align-center\"><br>For over three decades, FUDEBIOL has worked tirelessly to restore forests, promote reforestation, protect natural springs, monitor biodiversity, and educate thousands of children and young people. It has also hosted volunteers from Costa Rica and abroad, while building strong partnerships with organizations committed to sustainability.<\/p>\n\n\n\n<p class=\"has-text-align-center\"><br>Today, FUDEBIOL continues to grow as a leader in conservation and sustainability in Costa Rica, staying true to its original mission: to protect natural resources\u2014especially water\u2014preserve life, and educate for a better future.<br><br><\/p>\n<\/div><\/div>\n\n\n\n<h3 class=\"wp-block-gutenverse-heading guten-element guten-ARbfMK\">Founders<\/h3>\n\n\n\n<div class=\"guten-element gutenverse-text-editor guten-VFe5zQ\"><div class=\"text-content-inner\">\n<p>FUDEBIOL was founded through the efforts of visionary individuals, including:<\/p>\n<\/div><\/div>\n\n\n\n<div class=\"guten-element guten-icon-list guten-EbQ0wY\"><div class=\"list-wrapper\">\n<div class=\"guten-element guten-icon-list-item guten-hFgMF3\"><div class=\"list-divider\"><\/div><a id=\"guten-hFgMF3\"><i class=\"\"><\/i><span class=\"list-text\"><strong>Aguilar \u00c1vila Mar\u00eda Elena<br>Aguilar Duarte Vinicio<br>Alfaro del Valle Mario<br>Black Ronald Michael<br>Barrantes Ast\u00faa Sergio<br>Barrantes Elizondo Hern\u00e1n \u2020<br>Barrantes Elizondo Teresita<br>Barrantes Fonseca Eusebio<br>Barrantes Mora Denia<br>Barrantes Ure\u00f1a Ott\u00f3n<br>Calder\u00f3n Fonseca Judith \u2020<br>Camacho Monge Daniel<br>C\u00e9spedes M\u00e9ndez Juan \u2020<br>Coto Orozco \u00c1lvaro \u2020<br>Elizondo Navarro Omar<br>Fallas Calder\u00f3n Addy<br>Fallas Calder\u00f3n Ciliam<br>Fallas Calder\u00f3n Luis Alberto<br>Fallas Calder\u00f3n Marjorie<br>Fallas Calder\u00f3n Marvin<br>Fallas Fallas Guido \u2020<br>Fallas Hidalgo Gilberth<br>Gamboa Alvarado Humberto \u2020<br>Jim\u00e9nez Vargas Cecilia<br>Leiva Calder\u00f3n R\u00f3ger<br>Mora Bola\u00f1os Carlos Luis<br>Navarro Picado Lisbeth<br>Trejos Picado Ignacio<br>Retana Chinchilla Manuel<br>Romero Vargas Omar \u2020<br>Segura Retana V\u00edctor<br>Valenciano N\u00fa\u00f1ez Ana L\u00eda<br>Vargas Fallas Luis Carlos<\/strong>List item<\/span><\/a><\/div>\n<\/div><\/div>\n\n\n\n<div class=\"section-wrapper\" data-id=\"oz0hT6\"><section class=\"wp-block-gutenverse-section guten-element guten-section guten-oz0hT6 layout-fullwidth align-stretch\"><div class=\"guten-container guten-column-gap-no\">\n<div class=\"wp-block-gutenverse-column guten-element guten-column guten-X5FgUM\"><div class=\"guten-column-wrapper\" data-id=\"X5FgUM\">\n<div class=\"wp-block-group is-nowrap is-layout-flex wp-container-core-group-is-layout-6c531013 wp-block-group-is-layout-flex\">\n<div class=\"wp-block-gutenverse-icon guten-element guten-GFwdwe guten-icon\"><span class=\"guten-icon-wrapper custom stacked\"><i class=\"gtn gtn-chalkboard-teacher-solid\"><\/i><\/span><\/div>\n\n\n\n<div class=\"guten-element guten-advanced-heading guten-I9UyaS\"><div class=\"heading-section\"><h4 class=\"heading-title\"><span class=\"heading-title\">Objectives <\/span><span class=\"heading-focus\"><\/span><\/h4><\/div><span class=\"heading-subtitle\">To Protect Water<br>To Protect Biodiversity<br>To Educate <br>Sustainable development<\/span><\/div>\n<\/div>\n<\/div><\/div>\n\n\n\n<div class=\"wp-block-gutenverse-column guten-element guten-column guten-GPgyiu\"><div class=\"guten-column-wrapper\" data-id=\"GPgyiu\">\n<div class=\"wp-block-gutenverse-icon guten-element guten-2p40kn guten-icon\"><span class=\"guten-icon-wrapper custom stacked\"><i class=\"gtn gtn-leaf-solid\"><\/i><\/span><\/div>\n\n\n\n<div class=\"guten-element guten-advanced-heading guten-EhvpoS\"><div class=\"heading-section\"><h4 class=\"heading-title\"><span class=\"heading-title\">Education<\/span><span class=\"heading-focus\"><\/span><\/h4><\/div><span class=\"heading-subtitle\">Environmental education is one of the core pillars of FUDEBIOL.<\/span><\/div>\n<\/div><\/div>\n<\/div><\/section><\/div>\n\n\n\n<div class=\"section-wrapper\" data-id=\"5CzCau\"><section class=\"wp-block-gutenverse-section guten-element guten-section guten-5CzCau layout-fullwidth align-stretch overflow-hidden\"><div class=\"guten-container guten-column-gap-no\">\n<div class=\"wp-block-gutenverse-column guten-element guten-column guten-czvafi\"><div class=\"guten-column-wrapper\" data-id=\"czvafi\">\n<div class=\"guten-element gutenverse-text-editor guten-GvjtJH\"><div class=\"text-content-inner\">\n<p class=\"has-small-font-size\"><br>Mr.\u201d <strong>Daniel Camacho Monge<\/strong> is one of the most significant figures in the history of FUDEBIOL. With a strong vision, he is one of the co-founders of the Las Quebradas Biological Center and one of the organization\u2019s greatest benefactors, as he not only donated the land where the administrative area and essential services were built, but also contributed two properties totaling 30 hectares, known as the \u201cForest of Youth Andr\u00e9s Mart\u00ed Camacho Jim\u00e9nez\u201d and the \u201cForest of the Elderly Manuel Camacho Jim\u00e9nez.\u201d\n\nIn addition, he has remained actively involved in all of the foundation\u2019s activities and currently serves as a permanent honorary member of the Board of Directors.<br><\/p>\n\n\n\n<p><\/p>\n<\/div><\/div>\n\n\n\n<h6 class=\"wp-block-gutenverse-heading guten-element guten-wXSLRk\"><strong>Dr. Daniel Camacho \u2013 Co-founder<\/strong><\/h6>\n<\/div><\/div>\n<\/div><\/section><\/div>\n\n\n\n<div class=\"guten-element gutenverse-text-editor guten-eB3J6j\"><div class=\"text-content-inner\">\n<p><\/p>\n<\/div><\/div>\n<\/div><\/div>\n\n\n\n<div class=\"wp-block-gutenverse-column guten-element guten-column guten-GPSnIR\"><div class=\"guten-column-wrapper\" data-id=\"GPSnIR\">\n<div class=\"wp-block-gutenverse-image guten-element guten-image guten-Aaa0kY\"><div class=\"guten-image-wrapper\"><img fetchpriority=\"high\" decoding=\"async\" class=\"gutenverse-image-box-filled\" src=\"http:\/\/fudebiol.com\/wp-content\/uploads\/2025\/11\/DJI_0594-scaled.jpg\" height=\"1440\" width=\"2560\"\/><\/div><\/div>\n\n\n\n<div class=\"guten-element guten-wrap-helper no-margin guten-GKOV3P\"><div class=\"guten-inner-wrap\" data-id=\"GKOV3P\">\n<div class=\"guten-element gutenverse-text-editor guten-rmku2q\"><div class=\"text-content-inner\">\n<p>Your donation helps protect water and life. Every contribution supports the conservation of the mountains that sustain us.<\/p>\n<\/div><\/div>\n\n\n\n<div class=\"guten-element guten-button-wrapper guten-etQVkP\"><a class=\"guten-button guten-button-sm\" href=\"http:\/\/fudebiol.com\/en\/?page_id=130\"><span>Donate now<\/span><\/a><\/div>\n<\/div><\/div>\n\n\n\n<div class=\"section-wrapper\" data-id=\"z3NLDD\"><section class=\"wp-block-gutenverse-section guten-element guten-section guten-z3NLDD layout-fullwidth align-stretch\"><div class=\"guten-container guten-column-gap-no\">\n<div class=\"wp-block-gutenverse-column guten-element guten-column guten-tIWRjJ\"><div class=\"guten-column-wrapper\" data-id=\"tIWRjJ\">\n<h3 class=\"wp-block-gutenverse-heading guten-element guten-pRbgbp\">More about our project <\/h3>\n\n\n\n<div class=\"wp-block-gutenverse-divider guten-element guten-divider guten-FVXNQL\"><div class=\"guten-divider-wrapper\"><div class=\"guten-divider-default guten-divider-line guten-divider-regular\"><\/div><\/div><\/div>\n\n\n\n<div class=\"section-wrapper\" data-id=\"sbC3sz\"><section class=\"wp-block-gutenverse-section guten-element guten-section guten-sbC3sz layout-fullwidth align-stretch\"><div class=\"guten-container guten-column-gap-no\">\n<div class=\"wp-block-gutenverse-column guten-element guten-column guten-5Tqsa0\"><div class=\"guten-column-wrapper\" data-id=\"5Tqsa0\">\n<div class=\"guten-element guten-spacer guten-KQiL9O\"><\/div>\n<\/div><\/div>\n\n\n\n<div class=\"wp-block-gutenverse-column guten-element guten-column guten-QC6jIj\"><div class=\"guten-column-wrapper\" data-id=\"QC6jIj\">\n<h4 class=\"wp-block-gutenverse-heading guten-element guten-ogZqcm\">Mission and Vision<\/h4>\n\n\n\n<div class=\"guten-element gutenverse-text-editor guten-rsThfY\"><div class=\"text-content-inner\">\n<p>Protecting and conserving the ecosystems of the P\u00e9rez Zeled\u00f3n highlands. <\/p>\n<\/div><\/div>\n\n\n\n<div class=\"guten-element guten-button-wrapper guten-0W5gR0\"><a class=\"guten-button guten-button-sm\" href=\"http:\/\/fudebiol.com\/en\/?page_id=63\"><span>More information<\/span><i class=\"fa-lg gtn gtn-arrow-right-light\"><\/i><\/a><\/div>\n<\/div><\/div>\n<\/div><\/section><\/div>\n\n\n\n<div class=\"section-wrapper\" data-id=\"Xtu89M\"><section class=\"wp-block-gutenverse-section guten-element guten-section guten-Xtu89M layout-fullwidth align-stretch\"><div class=\"guten-container guten-column-gap-no\">\n<div class=\"wp-block-gutenverse-column guten-element guten-column guten-sOFoin\"><div class=\"guten-column-wrapper\" data-id=\"sOFoin\">\n<div class=\"guten-element guten-spacer guten-3p2kJA\"><\/div>\n<\/div><\/div>\n\n\n\n<div class=\"wp-block-gutenverse-column guten-element guten-column guten-PKFGDV\"><div class=\"guten-column-wrapper\" data-id=\"PKFGDV\">\n<h4 class=\"wp-block-gutenverse-heading guten-element guten-IQtfR6\">Objectives<\/h4>\n\n\n\n<div class=\"guten-element gutenverse-text-editor guten-VUlo1J\"><div class=\"text-content-inner\">\n<p>We work to protect water, conserve forests, educate the community, and promote sustainable development in harmony with nature.<\/p>\n<\/div><\/div>\n\n\n\n<div class=\"guten-element guten-button-wrapper guten-1TDtqM\"><a class=\"guten-button guten-button-sm\" href=\"http:\/\/fudebiol.com\/en\/?page_id=128\"><span>More information<\/span><i class=\"fa-lg gtn gtn-arrow-right-light\"><\/i><\/a><\/div>\n<\/div><\/div>\n<\/div><\/section><\/div>\n<\/div><\/div>\n<\/div><\/section><\/div>\n<\/div><\/div>\n<\/div><\/section><\/div>\n\n\n\n<div class=\"section-wrapper\" data-id=\"JG54dV\"><section class=\"wp-block-gutenverse-section guten-element guten-section guten-JG54dV layout-boxed align-stretch\"><div class=\"guten-container guten-column-gap-no\">\n<div class=\"wp-block-gutenverse-column guten-element guten-column guten-ya1pr9\"><div class=\"guten-column-wrapper\" data-id=\"ya1pr9\"><\/div><\/div>\n<\/div><\/section><\/div>\n\n\n\n<div class=\"section-wrapper\" data-id=\"AbiCzK\"><section class=\"wp-block-gutenverse-section guten-element guten-section guten-AbiCzK layout-boxed align-stretch\"><div class=\"guten-container guten-column-gap-no\">\n<div class=\"wp-block-gutenverse-column guten-element guten-column guten-Ssqa3D\"><div class=\"guten-column-wrapper\" data-id=\"Ssqa3D\">\n<div class=\"section-wrapper\" data-id=\"U6FAMi\"><section class=\"wp-block-gutenverse-section guten-element guten-section guten-U6FAMi layout-boxed align-stretch\"><div class=\"guten-container guten-column-gap-no\">\n<div class=\"wp-block-gutenverse-column guten-element guten-column guten-VvUxOX\"><div class=\"guten-column-wrapper\" data-id=\"VvUxOX\">\n<div class=\"wp-block-gutenverse-image guten-element guten-image guten-JNsDX8\"><div class=\"guten-image-wrapper\"><img decoding=\"async\" class=\"gutenverse-image-box-filled\" src=\"http:\/\/fudebiol.com\/wp-content\/uploads\/2025\/11\/LOGO-BLANCO.png\" height=\"792\" width=\"612\"\/><\/div><\/div>\n\n\n\n<div class=\"guten-element gutenverse-text-editor guten-o3WrmD\"><div class=\"text-content-inner\">\n<p class=\"has-text-align-center\">FUDEBIOL is an environmental foundation in P\u00e9rez Zeled\u00f3n. <\/p>\n<\/div><\/div>\n<\/div><\/div>\n\n\n\n<div class=\"wp-block-gutenverse-column guten-element guten-column guten-mb3Miv\"><div class=\"guten-column-wrapper\" data-id=\"mb3Miv\">\n<h3 class=\"wp-block-gutenverse-heading guten-element guten-z4qQqM\">Quick Links<\/h3>\n\n\n\n<div class=\"guten-element guten-icon-list guten-0IXaB7\"><div class=\"list-wrapper\">\n<div class=\"guten-element guten-icon-list-item guten-ZXJmqo\"><div class=\"list-divider\"><\/div><a id=\"guten-ZXJmqo\" href=\"#\"><i class=\"\"><\/i><span class=\"list-text\">Home<\/span><\/a><\/div>\n\n\n\n<div class=\"guten-element guten-icon-list-item guten-dRaiNb\"><div class=\"list-divider\"><\/div><a id=\"guten-dRaiNb\" href=\"#\"><i class=\"\"><\/i><span class=\"list-text\">About Us<\/span><\/a><\/div>\n\n\n\n<div class=\"guten-element guten-icon-list-item guten-lG3uZG\"><div class=\"list-divider\"><\/div><a id=\"guten-lG3uZG\" href=\"#\"><i class=\"\"><\/i><span class=\"list-text\">Destination<\/span><\/a><\/div>\n\n\n\n<div class=\"guten-element guten-icon-list-item guten-JwILWP\"><div class=\"list-divider\"><\/div><a id=\"guten-JwILWP\" href=\"#\"><i class=\"\"><\/i><span class=\"list-text\">Contact <\/span><\/a><\/div>\n<\/div><\/div>\n<\/div><\/div>\n\n\n\n<div class=\"wp-block-gutenverse-column guten-element guten-column guten-RSsUF5\"><div class=\"guten-column-wrapper\" data-id=\"RSsUF5\">\n<h2 class=\"wp-block-gutenverse-heading guten-element guten-iWjynu\">Other Pages<\/h2>\n\n\n\n<div class=\"guten-element guten-icon-list guten-pQxhPh\"><div class=\"list-wrapper\">\n<div class=\"guten-element guten-icon-list-item guten-pdYjEs\"><div class=\"list-divider\"><\/div><a id=\"guten-pdYjEs\" href=\"#\"><i class=\"\"><\/i><span class=\"list-text\">Privacy &#038; Policy<\/span><\/a><\/div>\n\n\n\n<div class=\"guten-element guten-icon-list-item guten-4Mod4Y\"><div class=\"list-divider\"><\/div><a id=\"guten-4Mod4Y\" href=\"#\"><i class=\"\"><\/i><span class=\"list-text\">Terms of Use<\/span><\/a><\/div>\n\n\n\n<div class=\"guten-element guten-icon-list-item guten-IrOLIt\"><div class=\"list-divider\"><\/div><a id=\"guten-IrOLIt\" href=\"#\"><i class=\"\"><\/i><span class=\"list-text\">Disclaimer<\/span><\/a><\/div>\n\n\n\n<div class=\"guten-element guten-icon-list-item guten-VwN1g5\"><div class=\"list-divider\"><\/div><a id=\"guten-VwN1g5\" href=\"#\"><i class=\"\"><\/i><span class=\"list-text\">FAQ<\/span><\/a><\/div>\n<\/div><\/div>\n<\/div><\/div>\n\n\n\n<div class=\"wp-block-gutenverse-column guten-element guten-column guten-HMZQ8B\"><div class=\"guten-column-wrapper\" data-id=\"HMZQ8B\">\n<h2 class=\"wp-block-gutenverse-heading guten-element guten-nn9sgO\">Contact Information<\/h2>\n\n\n\n<div class=\"guten-element guten-icon-list guten-4nlrWW\"><div class=\"list-wrapper\">\n<div class=\"guten-element guten-icon-list-item guten-iWujvK\"><div class=\"list-divider\"><\/div><a id=\"guten-iWujvK\" href=\"#\"><i class=\"fas fa-map-marker-alt\"><\/i><span class=\"list-text\">8 kil\u00f3metros al norte de San Isidro de El General, Distrito de Quebradas, P\u00e9rez Zeled\u00f3n, Costa Rica.<\/span><\/a><\/div>\n\n\n\n<div class=\"guten-element guten-icon-list-item guten-ybQ94V\"><div class=\"list-divider\"><\/div><a id=\"guten-ybQ94V\" href=\"#\"><i class=\"fas fa-phone\"><\/i><span class=\"list-text\">+506 89731001<\/span><\/a><\/div>\n\n\n\n<div class=\"guten-element guten-icon-list-item guten-4rZbVZ\"><div class=\"list-divider\"><\/div><a id=\"guten-4rZbVZ\" href=\"#\"><i class=\"fas fa-envelope\"><\/i><span class=\"list-text\">fudebiol@gmail.com<\/span><\/a><\/div>\n<\/div><\/div>\n<\/div><\/div>\n<\/div><\/section><\/div>\n\n\n\n<div class=\"wp-block-gutenverse-divider guten-element guten-divider guten-ohm74V\"><div class=\"guten-divider-wrapper\"><div class=\"guten-divider-default guten-divider-line guten-divider-regular\"><\/div><\/div><\/div>\n\n\n\n<div class=\"section-wrapper\" data-id=\"WIqIQx\"><section class=\"wp-block-gutenverse-section guten-element guten-section guten-WIqIQx layout-boxed align-stretch\"><div class=\"guten-container guten-column-gap-no\">\n<div class=\"wp-block-gutenverse-column guten-element guten-column guten-CliyCk\"><div class=\"guten-column-wrapper\" data-id=\"CliyCk\">\n<p aria-label=\"Text Paragraph\" class=\"guten-element gutenverse-text guten-gOIpoE\"><\/p>\n<\/div><\/div>\n\n\n\n<div class=\"wp-block-gutenverse-column guten-element guten-column guten-WACzB1\"><div class=\"guten-column-wrapper\" data-id=\"WACzB1\">\n<p aria-label=\"Text Paragraph\" class=\"guten-element gutenverse-text guten-LuWBqC\">Copyright \u00a9 2025. All rights reserved.<\/p>\n<\/div><\/div>\n<\/div><\/section><\/div>\n\n\n\n<div class=\"guten-element guten-social-icons guten-6xFpfc rounded horizontal fill\"><\/div>\n<\/div><\/div>\n<\/div><\/section><\/div>","protected":false},"excerpt":{"rendered":"","protected":false},"author":1,"featured_media":0,"parent":0,"menu_order":0,"comment_status":"closed","ping_status":"closed","template":"blank-canvas","meta":{"footnotes":""},"class_list":["post-73","page","type-page","status-publish","hentry"],"_links":{"self":[{"href":"http:\/\/fudebiol.com\/en\/wp-json\/wp\/v2\/pages\/73","targetHints":{"allow":["GET"]}}],"collection":[{"href":"http:\/\/fudebiol.com\/en\/wp-json\/wp\/v2\/pages"}],"about":[{"href":"http:\/\/fudebiol.com\/en\/wp-json\/wp\/v2\/types\/page"}],"author":[{"embeddable":true,"href":"http:\/\/fudebiol.com\/en\/wp-json\/wp\/v2\/users\/1"}],"replies":[{"embeddable":true,"href":"http:\/\/fudebiol.com\/en\/wp-json\/wp\/v2\/comments?post=73"}],"version-history":[{"count":14,"href":"http:\/\/fudebiol.com\/en\/wp-json\/wp\/v2\/pages\/73\/revisions"}],"predecessor-version":[{"id":718,"href":"http:\/\/fudebiol.com\/en\/wp-json\/wp\/v2\/pages\/73\/revisions\/718"}],"wp:attachment":[{"href":"http:\/\/fudebiol.com\/en\/wp-json\/wp\/v2\/media?parent=73"}],"curies":[{"name":"wp","href":"https:\/\/api.w.org\/{rel}","templated":true}]}}