{"id":71,"date":"2025-10-26T21:45:25","date_gmt":"2025-10-26T21:45:25","guid":{"rendered":"http:\/\/fudebiol.com\/?page_id=71"},"modified":"2026-04-18T20:17:29","modified_gmt":"2026-04-18T20:17:29","slug":"proyectos","status":"publish","type":"page","link":"http:\/\/fudebiol.com\/en\/proyectos\/","title":{"rendered":"Proyectos y servicios"},"content":{"rendered":"<div class=\"section-wrapper\" data-id=\"qYPkM7\"><section class=\"wp-block-gutenverse-section guten-element guten-section guten-qYPkM7 layout-boxed align-stretch\"><div class=\"guten-container guten-column-gap-default\">\n<div class=\"wp-block-gutenverse-column guten-element guten-column guten-85BUh2\"><div class=\"guten-column-wrapper\" data-id=\"85BUh2\"><div class=\"guten-background-overlay\"><\/div>\n<div class=\"wp-block-group is-layout-constrained wp-block-group-is-layout-constrained\"><div id=\"guten-f645p8\" class=\"guten-element guten-nav-menu nav-menu break-point-tablet submenu-click-icon\" data-item-indicator=\"gtn gtn-chevron-down-light\" data-close-on-click=\"1\">\n\t\t\t<div class=\"gutenverse-hamburger-wrapper\">\n\t\t\t\t<button class=\"gutenverse-hamburger-menu\" aria-label=\"\">\n\t\t\t\t\t<i aria-hidden=\"true\" class=\"gtn gtn-menu-1-light\"><\/i>\n\t\t\t\t<\/button>\n\t\t\t<\/div>\n\t\t\t\n\t\t\t<div class=\"gutenverse-menu-wrapper\"><div class=\"gutenverse-menu-container\"><ul id=\"menu-fudebiol-menu\" class=\"gutenverse-menu\"><li id=\"menu-item-46\" class=\"menu-item menu-item-type-custom menu-item-object-custom menu-item-46\"><a href=\"javascript:void(0);\" data-href=\"http:\/\/fudebiol.com\/\">Home<\/a><\/li>\n<li id=\"menu-item-47\" class=\"menu-item menu-item-type-custom menu-item-object-custom menu-item-has-children menu-item-47\"><a href=\"javascript:void(0);\" data-href=\"http:\/\/fudebiol.com\/?page_id=63\">About Us<\/a>\n<ul class=\"sub-menu\">\n\t<li id=\"menu-item-48\" class=\"menu-item menu-item-type-custom menu-item-object-custom menu-item-48\"><a href=\"javascript:void(0);\" data-href=\"http:\/\/fudebiol.com\/?page_id=71\">Projects and Services<\/a><\/li>\n\t<li id=\"menu-item-49\" class=\"menu-item menu-item-type-custom menu-item-object-custom menu-item-49\"><a href=\"javascript:void(0);\" data-href=\"http:\/\/fudebiol.com\/?page_id=73\">History<\/a><\/li>\n\t<li id=\"menu-item-51\" class=\"menu-item menu-item-type-custom menu-item-object-custom menu-item-51\"><a href=\"javascript:void(0);\" data-href=\"http:\/\/fudebiol.com\/?page_id=77\">FAQs<\/a><\/li>\n<\/ul>\n<\/li>\n<li id=\"menu-item-50\" class=\"menu-item menu-item-type-custom menu-item-object-custom menu-item-50\"><a href=\"javascript:void(0);\" data-href=\"http:\/\/fudebiol.com\/?page_id=128\">Environmental Education<\/a><\/li>\n<li id=\"menu-item-53\" class=\"menu-item menu-item-type-custom menu-item-object-custom menu-item-53\"><a href=\"javascript:void(0);\" data-href=\"http:\/\/fudebiol.com\/?page_id=82\">Volunteering<\/a><\/li>\n<li id=\"menu-item-52\" class=\"menu-item menu-item-type-custom menu-item-object-custom menu-item-has-children menu-item-52\"><a href=\"javascript:void(0);\" data-href=\"http:\/\/fudebiol.com\/?page_id=78\">Gallery<\/a>\n<ul class=\"sub-menu\">\n\t<li id=\"menu-item-407\" class=\"menu-item menu-item-type-post_type menu-item-object-page menu-item-407\"><a href=\"javascript:void(0);\" data-href=\"http:\/\/fudebiol.com\/en\/eventos\/\">Events<\/a><\/li>\n<\/ul>\n<\/li>\n<li id=\"menu-item-511\" class=\"menu-item menu-item-type-post_type menu-item-object-page menu-item-511\"><a href=\"javascript:void(0);\" data-href=\"http:\/\/fudebiol.com\/en\/noticias\/\">News<\/a><\/li>\n<li id=\"menu-item-55\" class=\"menu-item menu-item-type-custom menu-item-object-custom menu-item-55\"><a href=\"javascript:void(0);\" data-href=\"http:\/\/fudebiol.com\/?page_id=85\">Contact<\/a><\/li>\n<\/ul><\/div>\n\t\t\t\t<div>\n\t\t\t\t\t<div class=\"gutenverse-nav-identity-panel\">\n\t\t\t\t\t\t<div class=\"gutenverse-nav-site-title\">\n\t\t\t\t\t\t\t<a href=\"http:\/\/fudebiol.com\/en\" class=\"gutenverse-nav-logo\"><img decoding=\"async\" src=\"http:\/\/fudebiol.com\/wp-content\/uploads\/2025\/11\/LOGO-BLANCO-232x300.png\" alt=\"Fudebiol - - P\u00e9rez Zeled\u00f3n\"><\/a>\n\t\t\t\t\t\t<\/div>\n\t\t\t\t\t\t<button class=\"gutenverse-close-menu\" aria-label=\"\"><i aria-hidden=\"true\" class=\"gtn gtn-times-solid\"><\/i><\/button>\n\t\t\t\t\t<\/div>\n\t\t\t\t<\/div>\n\t\t\t<\/div>\n\t\t<\/div><\/div>\n\n\n\n<div class=\"guten-element guten-button-wrapper guten-uMaH0I hide-tablet hide-mobile\"><a class=\"guten-button guten-button-sm\" href=\"http:\/\/fudebiol.com\/en\/?page_id=130\"><span>DONATE<\/span><\/a><\/div>\n<\/div><\/div>\n<\/div><\/section><\/div>\n\n\n\n<div class=\"section-wrapper\" data-id=\"xH12QQ\"><section class=\"wp-block-gutenverse-section guten-element guten-section guten-xH12QQ layout-boxed align-stretch\"><div class=\"guten-background-overlay\"><\/div><div class=\"guten-container guten-column-gap-no\">\n<div class=\"wp-block-gutenverse-column guten-element guten-column guten-3m1wpG\"><div class=\"guten-column-wrapper\" data-id=\"3m1wpG\">\n<h1 class=\"wp-block-gutenverse-heading guten-element guten-fgSFo0\">Projects and Services<\/h1>\n\n\n\n<p aria-label=\"Text Paragraph\" class=\"guten-element gutenverse-text guten-e1pXqK\"><\/p>\n<\/div><\/div>\n<\/div><\/section><\/div>\n\n\n\n<div class=\"section-wrapper\" data-id=\"vORjPA\"><section class=\"wp-block-gutenverse-section guten-element guten-section guten-vORjPA layout-boxed align-stretch\"><div class=\"guten-container guten-column-gap-no\">\n<div class=\"wp-block-gutenverse-column guten-element guten-column guten-EVZoyX\"><div class=\"guten-column-wrapper\" data-id=\"EVZoyX\">\n<div class=\"section-wrapper\" data-id=\"A0ZoyC\"><section class=\"wp-block-gutenverse-section guten-element guten-section guten-A0ZoyC layout-boxed align-stretch\"><div class=\"guten-container guten-column-gap-no\">\n<div class=\"wp-block-gutenverse-column guten-element guten-column guten-hXgl1U\"><div class=\"guten-column-wrapper\" data-id=\"hXgl1U\">\n<h2 class=\"wp-block-gutenverse-heading guten-element guten-oGp5T8\">Services at the Centro Biol\u00f3gico Las Quebradas<\/h2>\n\n\n\n<div class=\"guten-element gutenverse-text-editor guten-vW0s1n\"><div class=\"text-content-inner\">\n<p>FUDEBIOL offers a range of services centered on conservation and environmental education, including nature trails, lodging, a conference room, a native plant garden, pre-arranged meals, and traditional cooking classes. It also provides spaces for scientific research, work-friendly areas for digital nomads with internet access, visitor parking, and scenic spots ideal for nature photography.<\/p>\n<\/div><\/div>\n\n\n\n<div class=\"wp-block-columns is-layout-flex wp-container-core-columns-is-layout-28f84493 wp-block-columns-is-layout-flex\">\n<div class=\"wp-block-column is-layout-flow wp-block-column-is-layout-flow\"><\/div>\n\n\n\n<div class=\"wp-block-column is-layout-flow wp-block-column-is-layout-flow\"><\/div>\n<\/div>\n<\/div><\/div>\n<\/div><\/section><\/div>\n\n\n\n<div class=\"section-wrapper\" data-id=\"hJqzFy\"><section class=\"wp-block-gutenverse-section guten-element guten-section guten-hJqzFy layout-boxed align-stretch\"><div class=\"guten-container guten-column-gap-no\">\n<div class=\"wp-block-gutenverse-column guten-element guten-column guten-zTIEp7\"><div class=\"guten-column-wrapper\" data-id=\"zTIEp7\"><div class=\"guten-background-overlay\"><\/div>\n<div class=\"guten-element guten-spacer guten-lHJjBr\"><\/div>\n\n\n\n<div class=\"guten-element guten-5hbAkX guten-icon-box icon-position-left\"><div class=\"guten-icon-box-wrapper hover-from-left\"><div class=\"icon-box icon-box-body\"><h2 class=\"title\">Nature Trails<\/h2><p class=\"icon-box-description\">Over <strong>8 km of trails<\/strong> through primary and secondary forests, featuring interpretive trails ideal for environmental education, hiking, and nature observation.<\/p><\/div><\/div><\/div>\n<\/div><\/div>\n\n\n\n<div class=\"wp-block-gutenverse-column guten-element guten-column guten-0817W0\"><div class=\"guten-column-wrapper\" data-id=\"0817W0\"><div class=\"guten-background-overlay\"><\/div>\n<div class=\"guten-element guten-spacer guten-BT114G\"><\/div>\n\n\n\n<div class=\"guten-element guten-q5EicC guten-icon-box icon-position-left\"><div class=\"guten-icon-box-wrapper hover-from-left\"><div class=\"icon-box icon-box-body\"><h2 class=\"title\">Native Plant Garden<\/h2><p class=\"icon-box-description\">A space dedicated to preserving native and medicinal plant species, used for workshops, scientific research, and community education.<\/p><\/div><\/div><\/div>\n<\/div><\/div>\n\n\n\n<div class=\"wp-block-gutenverse-column guten-element guten-column guten-0Ecgdf\"><div class=\"guten-column-wrapper\" data-id=\"0Ecgdf\"><div class=\"guten-background-overlay\"><\/div>\n<div class=\"guten-element guten-spacer guten-Xm7P4T\"><\/div>\n\n\n\n<div class=\"guten-element guten-1vjInV guten-icon-box icon-position-left\"><div class=\"guten-icon-box-wrapper hover-from-left\"><div class=\"icon-box icon-box-body\"><h2 class=\"title\">Conference Room<\/h2><p class=\"icon-box-description\">A space suitable for events, workshops, and environmental seminars, available to institutions, businesses, research groups, and educational organizations.<\/p><\/div><\/div><\/div>\n<\/div><\/div>\n\n\n\n<div class=\"wp-block-gutenverse-column guten-element guten-column guten-XlQ92W\"><div class=\"guten-column-wrapper\" data-id=\"XlQ92W\"><div class=\"guten-background-overlay\"><\/div>\n<div class=\"guten-element guten-spacer guten-ehTquW\"><\/div>\n\n\n\n<div class=\"guten-element guten-Du9Fh0 guten-icon-box icon-position-left\"><div class=\"guten-icon-box-wrapper hover-from-left\"><div class=\"icon-box icon-box-body\"><h2 class=\"title\">Catering Services<\/h2><p class=\"icon-box-description\">Provided by ASOFEQUE by prior arrangement. Includes traditional meals prepared by local women, supporting the local economy. For more information, contact <br>8661-3680. <\/p><\/div><\/div><\/div>\n<\/div><\/div>\n<\/div><\/section><\/div>\n\n\n\n<div class=\"section-wrapper\" data-id=\"ebqDMK\"><section class=\"wp-block-gutenverse-section guten-element guten-section guten-ebqDMK layout-boxed align-stretch\"><div class=\"guten-container guten-column-gap-no\">\n<div class=\"wp-block-gutenverse-column guten-element guten-column guten-Ov6dKr\"><div class=\"guten-column-wrapper\" data-id=\"Ov6dKr\"><div class=\"guten-background-overlay\"><\/div>\n<div class=\"guten-element guten-spacer guten-fwFn8f\"><\/div>\n\n\n\n<div class=\"guten-element guten-PjVWzg guten-icon-box icon-position-left\"><div class=\"guten-icon-box-wrapper hover-from-left\"><div class=\"icon-box icon-box-body\"><h2 class=\"title\">Accommodation<\/h2><p class=\"icon-box-description\">Accommodation for groups and volunteers, set in a natural environment with access to trails, green spaces, and educational areas, with capacity for up to 40 guests. <\/p><\/div><\/div><\/div>\n<\/div><\/div>\n\n\n\n<div class=\"wp-block-gutenverse-column guten-element guten-column guten-j0tGyl\"><div class=\"guten-column-wrapper\" data-id=\"j0tGyl\"><div class=\"guten-background-overlay\"><\/div>\n<div class=\"guten-element guten-spacer guten-Idaol2\"><\/div>\n\n\n\n<div class=\"guten-element guten-MTnuyK guten-icon-box icon-position-left\"><div class=\"guten-icon-box-wrapper hover-from-left\"><div class=\"icon-box icon-box-body\"><h2 class=\"title\">Digital Nomad Workspaces<\/h2><p class=\"icon-box-description\">Quiet spaces with internet access for those who want to work surrounded by nature, staying connected while in harmony with the environment.<\/p><\/div><\/div><\/div>\n<\/div><\/div>\n\n\n\n<div class=\"wp-block-gutenverse-column guten-element guten-column guten-gQ9UFk\"><div class=\"guten-column-wrapper\" data-id=\"gQ9UFk\"><div class=\"guten-background-overlay\"><\/div>\n<div class=\"guten-element guten-spacer guten-Jyxial\"><\/div>\n\n\n\n<div class=\"guten-element guten-1v0peu guten-icon-box icon-position-left\"><div class=\"guten-icon-box-wrapper hover-from-left\"><div class=\"icon-box icon-box-body\"><h2 class=\"title\">Photography Opportunities<\/h2><p class=\"icon-box-description\">Ideal settings for nature photography, including birds, butterflies, landscapes, flowers, and wildlife.<\/p><\/div><\/div><\/div>\n<\/div><\/div>\n\n\n\n<div class=\"wp-block-gutenverse-column guten-element guten-column guten-BtAEDM\"><div class=\"guten-column-wrapper\" data-id=\"BtAEDM\"><div class=\"guten-background-overlay\"><\/div>\n<div class=\"guten-element guten-spacer guten-31HYlr\"><\/div>\n\n\n\n<div class=\"guten-element guten-lBRaAk guten-icon-box icon-position-left\"><div class=\"guten-icon-box-wrapper hover-from-left\"><div class=\"icon-box icon-box-body\"><h2 class=\"title\">Parking Area<\/h2><p class=\"icon-box-description\">A safe and accessible parking area for visitors and groups attending activities at the Biological Center.<\/p><\/div><\/div><\/div>\n<\/div><\/div>\n<\/div><\/section><\/div>\n<\/div><\/div>\n\n\n\n<div class=\"wp-block-gutenverse-column guten-element guten-column guten-lA7etG\"><div class=\"guten-column-wrapper\" data-id=\"lA7etG\"><\/div><\/div>\n<\/div><\/section><\/div>\n\n\n\n<div class=\"section-wrapper\" data-id=\"JG54dV\"><section class=\"wp-block-gutenverse-section guten-element guten-section guten-JG54dV layout-boxed align-stretch\"><div class=\"guten-container guten-column-gap-no\">\n<div class=\"wp-block-gutenverse-column guten-element guten-column guten-ya1pr9\"><div class=\"guten-column-wrapper\" data-id=\"ya1pr9\"><\/div><\/div>\n<\/div><\/section><\/div>\n\n\n\n<div class=\"section-wrapper\" data-id=\"AbiCzK\"><section class=\"wp-block-gutenverse-section guten-element guten-section guten-AbiCzK layout-boxed align-stretch\"><div class=\"guten-container guten-column-gap-no\">\n<div class=\"wp-block-gutenverse-column guten-element guten-column guten-Ssqa3D\"><div class=\"guten-column-wrapper\" data-id=\"Ssqa3D\">\n<div class=\"section-wrapper\" data-id=\"U6FAMi\"><section class=\"wp-block-gutenverse-section guten-element guten-section guten-U6FAMi layout-boxed align-stretch\"><div class=\"guten-container guten-column-gap-no\">\n<div class=\"wp-block-gutenverse-column guten-element guten-column guten-VvUxOX\"><div class=\"guten-column-wrapper\" data-id=\"VvUxOX\">\n<div class=\"wp-block-gutenverse-image guten-element guten-image guten-JNsDX8\"><div class=\"guten-image-wrapper\"><img fetchpriority=\"high\" decoding=\"async\" class=\"gutenverse-image-box-filled\" src=\"http:\/\/fudebiol.com\/wp-content\/uploads\/2025\/11\/LOGO-BLANCO.png\" height=\"792\" width=\"612\"\/><\/div><\/div>\n\n\n\n<div class=\"guten-element gutenverse-text-editor guten-o3WrmD\"><div class=\"text-content-inner\">\n<p class=\"has-text-align-center\">FUDEBIOL is an environmental foundation in P\u00e9rez Zeled\u00f3n. <\/p>\n<\/div><\/div>\n<\/div><\/div>\n\n\n\n<div class=\"wp-block-gutenverse-column guten-element guten-column guten-mb3Miv\"><div class=\"guten-column-wrapper\" data-id=\"mb3Miv\">\n<h3 class=\"wp-block-gutenverse-heading guten-element guten-z4qQqM\">Quick Links<\/h3>\n\n\n\n<div class=\"guten-element guten-icon-list guten-0IXaB7\"><div class=\"list-wrapper\">\n<div class=\"guten-element guten-icon-list-item guten-ZXJmqo\"><div class=\"list-divider\"><\/div><a id=\"guten-ZXJmqo\" href=\"#\"><i class=\"\"><\/i><span class=\"list-text\">Home<\/span><\/a><\/div>\n\n\n\n<div class=\"guten-element guten-icon-list-item guten-dRaiNb\"><div class=\"list-divider\"><\/div><a id=\"guten-dRaiNb\" href=\"#\"><i class=\"\"><\/i><span class=\"list-text\">About Us<\/span><\/a><\/div>\n\n\n\n<div class=\"guten-element guten-icon-list-item guten-lG3uZG\"><div class=\"list-divider\"><\/div><a id=\"guten-lG3uZG\" href=\"#\"><i class=\"\"><\/i><span class=\"list-text\">Destination<\/span><\/a><\/div>\n\n\n\n<div class=\"guten-element guten-icon-list-item guten-JwILWP\"><div class=\"list-divider\"><\/div><a id=\"guten-JwILWP\" href=\"#\"><i class=\"\"><\/i><span class=\"list-text\">Contact <\/span><\/a><\/div>\n<\/div><\/div>\n<\/div><\/div>\n\n\n\n<div class=\"wp-block-gutenverse-column guten-element guten-column guten-RSsUF5\"><div class=\"guten-column-wrapper\" data-id=\"RSsUF5\">\n<h2 class=\"wp-block-gutenverse-heading guten-element guten-iWjynu\">Other Pages<\/h2>\n\n\n\n<div class=\"guten-element guten-icon-list guten-pQxhPh\"><div class=\"list-wrapper\">\n<div class=\"guten-element guten-icon-list-item guten-pdYjEs\"><div class=\"list-divider\"><\/div><a id=\"guten-pdYjEs\" href=\"#\"><i class=\"\"><\/i><span class=\"list-text\">Privacy &#038; Policy<\/span><\/a><\/div>\n\n\n\n<div class=\"guten-element guten-icon-list-item guten-4Mod4Y\"><div class=\"list-divider\"><\/div><a id=\"guten-4Mod4Y\" href=\"#\"><i class=\"\"><\/i><span class=\"list-text\">Terms of Use<\/span><\/a><\/div>\n\n\n\n<div class=\"guten-element guten-icon-list-item guten-IrOLIt\"><div class=\"list-divider\"><\/div><a id=\"guten-IrOLIt\" href=\"#\"><i class=\"\"><\/i><span class=\"list-text\">Disclaimer<\/span><\/a><\/div>\n\n\n\n<div class=\"guten-element guten-icon-list-item guten-VwN1g5\"><div class=\"list-divider\"><\/div><a id=\"guten-VwN1g5\" href=\"#\"><i class=\"\"><\/i><span class=\"list-text\">FAQ<\/span><\/a><\/div>\n<\/div><\/div>\n<\/div><\/div>\n\n\n\n<div class=\"wp-block-gutenverse-column guten-element guten-column guten-HMZQ8B\"><div class=\"guten-column-wrapper\" data-id=\"HMZQ8B\">\n<h2 class=\"wp-block-gutenverse-heading guten-element guten-nn9sgO\">Contact Information<\/h2>\n\n\n\n<div class=\"guten-element guten-icon-list guten-4nlrWW\"><div class=\"list-wrapper\">\n<div class=\"guten-element guten-icon-list-item guten-iWujvK\"><div class=\"list-divider\"><\/div><a id=\"guten-iWujvK\" href=\"#\"><i class=\"fas fa-map-marker-alt\"><\/i><span class=\"list-text\">8 kil\u00f3metros al norte de San Isidro de El General, Distrito de Quebradas, P\u00e9rez Zeled\u00f3n, Costa Rica.<\/span><\/a><\/div>\n\n\n\n<div class=\"guten-element guten-icon-list-item guten-ybQ94V\"><div class=\"list-divider\"><\/div><a id=\"guten-ybQ94V\" href=\"#\"><i class=\"fas fa-phone\"><\/i><span class=\"list-text\">+506 89731001<\/span><\/a><\/div>\n\n\n\n<div class=\"guten-element guten-icon-list-item guten-4rZbVZ\"><div class=\"list-divider\"><\/div><a id=\"guten-4rZbVZ\" href=\"#\"><i class=\"fas fa-envelope\"><\/i><span class=\"list-text\">fudebiol@gmail.com<\/span><\/a><\/div>\n<\/div><\/div>\n<\/div><\/div>\n<\/div><\/section><\/div>\n\n\n\n<div class=\"wp-block-gutenverse-divider guten-element guten-divider guten-ohm74V\"><div class=\"guten-divider-wrapper\"><div class=\"guten-divider-default guten-divider-line guten-divider-regular\"><\/div><\/div><\/div>\n\n\n\n<div class=\"section-wrapper\" data-id=\"WIqIQx\"><section class=\"wp-block-gutenverse-section guten-element guten-section guten-WIqIQx layout-boxed align-stretch\"><div class=\"guten-container guten-column-gap-no\">\n<div class=\"wp-block-gutenverse-column guten-element guten-column guten-CliyCk\"><div class=\"guten-column-wrapper\" data-id=\"CliyCk\">\n<p aria-label=\"Text Paragraph\" class=\"guten-element gutenverse-text guten-gOIpoE\"><\/p>\n<\/div><\/div>\n\n\n\n<div class=\"wp-block-gutenverse-column guten-element guten-column guten-WACzB1\"><div class=\"guten-column-wrapper\" data-id=\"WACzB1\">\n<p aria-label=\"Text Paragraph\" class=\"guten-element gutenverse-text guten-LuWBqC\">Copyright \u00a9 2025. All rights reserved.<\/p>\n<\/div><\/div>\n<\/div><\/section><\/div>\n\n\n\n<div class=\"guten-element guten-social-icons guten-6xFpfc rounded horizontal fill\"><\/div>\n<\/div><\/div>\n<\/div><\/section><\/div>","protected":false},"excerpt":{"rendered":"","protected":false},"author":1,"featured_media":0,"parent":0,"menu_order":0,"comment_status":"closed","ping_status":"closed","template":"blank-canvas","meta":{"footnotes":""},"class_list":["post-71","page","type-page","status-publish","hentry"],"_links":{"self":[{"href":"http:\/\/fudebiol.com\/en\/wp-json\/wp\/v2\/pages\/71","targetHints":{"allow":["GET"]}}],"collection":[{"href":"http:\/\/fudebiol.com\/en\/wp-json\/wp\/v2\/pages"}],"about":[{"href":"http:\/\/fudebiol.com\/en\/wp-json\/wp\/v2\/types\/page"}],"author":[{"embeddable":true,"href":"http:\/\/fudebiol.com\/en\/wp-json\/wp\/v2\/users\/1"}],"replies":[{"embeddable":true,"href":"http:\/\/fudebiol.com\/en\/wp-json\/wp\/v2\/comments?post=71"}],"version-history":[{"count":47,"href":"http:\/\/fudebiol.com\/en\/wp-json\/wp\/v2\/pages\/71\/revisions"}],"predecessor-version":[{"id":755,"href":"http:\/\/fudebiol.com\/en\/wp-json\/wp\/v2\/pages\/71\/revisions\/755"}],"wp:attachment":[{"href":"http:\/\/fudebiol.com\/en\/wp-json\/wp\/v2\/media?parent=71"}],"curies":[{"name":"wp","href":"https:\/\/api.w.org\/{rel}","templated":true}]}}