{"id":130,"date":"2025-11-04T13:50:21","date_gmt":"2025-11-04T13:50:21","guid":{"rendered":"http:\/\/fudebiol.com\/?page_id=130"},"modified":"2025-12-08T17:20:31","modified_gmt":"2025-12-08T17:20:31","slug":"donaciones","status":"publish","type":"page","link":"http:\/\/fudebiol.com\/en\/donaciones\/","title":{"rendered":"Make a Donation"},"content":{"rendered":"<div class=\"section-wrapper\" data-id=\"qYPkM7\"><section class=\"wp-block-gutenverse-section guten-element guten-section guten-qYPkM7 layout-boxed align-stretch\"><div class=\"guten-container guten-column-gap-default\">\n<div class=\"wp-block-gutenverse-column guten-element guten-column guten-85BUh2\"><div class=\"guten-column-wrapper\" data-id=\"85BUh2\"><div class=\"guten-background-overlay\"><\/div>\n<div class=\"wp-block-group is-layout-constrained wp-block-group-is-layout-constrained\"><div id=\"guten-f645p8\" class=\"guten-element guten-nav-menu nav-menu break-point-tablet submenu-click-icon\" data-item-indicator=\"gtn gtn-chevron-down-light\" data-close-on-click=\"1\">\n\t\t\t<div class=\"gutenverse-hamburger-wrapper\">\n\t\t\t\t<button class=\"gutenverse-hamburger-menu\" aria-label=\"\">\n\t\t\t\t\t<i aria-hidden=\"true\" class=\"gtn gtn-menu-1-light\"><\/i>\n\t\t\t\t<\/button>\n\t\t\t<\/div>\n\t\t\t\n\t\t\t<div class=\"gutenverse-menu-wrapper\"><div class=\"gutenverse-menu-container\"><ul id=\"menu-fudebiol-menu\" class=\"gutenverse-menu\"><li id=\"menu-item-46\" class=\"menu-item menu-item-type-custom menu-item-object-custom menu-item-46\"><a href=\"javascript:void(0);\" data-href=\"http:\/\/fudebiol.com\/\">Home<\/a><\/li>\n<li id=\"menu-item-47\" class=\"menu-item menu-item-type-custom menu-item-object-custom menu-item-has-children menu-item-47\"><a href=\"javascript:void(0);\" data-href=\"http:\/\/fudebiol.com\/?page_id=63\">About Us<\/a>\n<ul class=\"sub-menu\">\n\t<li id=\"menu-item-48\" class=\"menu-item menu-item-type-custom menu-item-object-custom menu-item-48\"><a href=\"javascript:void(0);\" data-href=\"http:\/\/fudebiol.com\/?page_id=71\">Projects and Services<\/a><\/li>\n\t<li id=\"menu-item-49\" class=\"menu-item menu-item-type-custom menu-item-object-custom menu-item-49\"><a href=\"javascript:void(0);\" data-href=\"http:\/\/fudebiol.com\/?page_id=73\">History<\/a><\/li>\n\t<li id=\"menu-item-51\" class=\"menu-item menu-item-type-custom menu-item-object-custom menu-item-51\"><a href=\"javascript:void(0);\" data-href=\"http:\/\/fudebiol.com\/?page_id=77\">FAQs<\/a><\/li>\n<\/ul>\n<\/li>\n<li id=\"menu-item-50\" class=\"menu-item menu-item-type-custom menu-item-object-custom menu-item-50\"><a href=\"javascript:void(0);\" data-href=\"http:\/\/fudebiol.com\/?page_id=128\">Environmental Education<\/a><\/li>\n<li id=\"menu-item-53\" class=\"menu-item menu-item-type-custom menu-item-object-custom menu-item-53\"><a href=\"javascript:void(0);\" data-href=\"http:\/\/fudebiol.com\/?page_id=82\">Volunteering<\/a><\/li>\n<li id=\"menu-item-52\" class=\"menu-item menu-item-type-custom menu-item-object-custom menu-item-has-children menu-item-52\"><a href=\"javascript:void(0);\" data-href=\"http:\/\/fudebiol.com\/?page_id=78\">Gallery<\/a>\n<ul class=\"sub-menu\">\n\t<li id=\"menu-item-407\" class=\"menu-item menu-item-type-post_type menu-item-object-page menu-item-407\"><a href=\"javascript:void(0);\" data-href=\"http:\/\/fudebiol.com\/en\/eventos\/\">Events<\/a><\/li>\n<\/ul>\n<\/li>\n<li id=\"menu-item-511\" class=\"menu-item menu-item-type-post_type menu-item-object-page menu-item-511\"><a href=\"javascript:void(0);\" data-href=\"http:\/\/fudebiol.com\/en\/noticias\/\">News<\/a><\/li>\n<li id=\"menu-item-55\" class=\"menu-item menu-item-type-custom menu-item-object-custom menu-item-55\"><a href=\"javascript:void(0);\" data-href=\"http:\/\/fudebiol.com\/?page_id=85\">Contact<\/a><\/li>\n<\/ul><\/div>\n\t\t\t\t<div>\n\t\t\t\t\t<div class=\"gutenverse-nav-identity-panel\">\n\t\t\t\t\t\t<div class=\"gutenverse-nav-site-title\">\n\t\t\t\t\t\t\t<a href=\"http:\/\/fudebiol.com\/en\" class=\"gutenverse-nav-logo\"><img decoding=\"async\" src=\"http:\/\/fudebiol.com\/wp-content\/uploads\/2025\/11\/LOGO-BLANCO-232x300.png\" alt=\"Fudebiol - - P\u00e9rez Zeled\u00f3n\"><\/a>\n\t\t\t\t\t\t<\/div>\n\t\t\t\t\t\t<button class=\"gutenverse-close-menu\" aria-label=\"\"><i aria-hidden=\"true\" class=\"gtn gtn-times-solid\"><\/i><\/button>\n\t\t\t\t\t<\/div>\n\t\t\t\t<\/div>\n\t\t\t<\/div>\n\t\t<\/div><\/div>\n\n\n\n<div class=\"guten-element guten-button-wrapper guten-uMaH0I hide-tablet hide-mobile\"><a class=\"guten-button guten-button-sm\" href=\"http:\/\/fudebiol.com\/en\/?page_id=130\"><span>DONATE<\/span><\/a><\/div>\n<\/div><\/div>\n<\/div><\/section><\/div>\n\n\n\n<div class=\"section-wrapper\" data-id=\"HggGbV\"><section class=\"wp-block-gutenverse-section guten-element guten-section guten-HggGbV layout-boxed align-stretch\"><div class=\"guten-background-overlay\"><\/div><div class=\"guten-container guten-column-gap-no\">\n<div class=\"wp-block-gutenverse-column guten-element guten-column guten-vxMl7E\"><div class=\"guten-column-wrapper\" data-id=\"vxMl7E\">\n<h1 class=\"wp-block-gutenverse-heading guten-element guten-BdRbwA\">Make a Donation<\/h1>\n<\/div><\/div>\n<\/div><\/section><\/div>\n\n\n\n<div class=\"section-wrapper\" data-id=\"xoM9XI\"><section class=\"wp-block-gutenverse-section guten-element guten-section guten-xoM9XI layout-boxed align-stretch\"><div class=\"guten-container guten-column-gap-no\">\n<div class=\"wp-block-gutenverse-column guten-element guten-column guten-Erw8p9\"><div class=\"guten-column-wrapper\" data-id=\"Erw8p9\">\n<h2 class=\"wp-block-gutenverse-heading guten-element guten-XfJSTz\">Your support helps protect water and life<\/h2>\n\n\n\n<h1 class=\"wp-block-heading\">How to Donate<\/h1>\n\n\n\n<p class=\"has-text-align-left\" id=\"viewer-fy24v352\">With your support, FUDEBIOL continues to protect the mountains, forests, and natural springs that provide water to thousands of people in P\u00e9rez Zeled\u00f3n.<br>Each donation is a seed that helps grow our reforestation, environmental education, volunteer, and ecosystem restoration programs.<br>Donating means caring for the future of our community.<\/p>\n\n\n\n<p class=\"has-text-align-left\" id=\"viewer-fy24v352\"><\/p>\n\n\n\n<p>You can donate through the following banks:<\/p>\n\n\n\n<hr class=\"wp-block-separator has-alpha-channel-opacity\"\/>\n\n\n\n<p><\/p>\n\n\n\n<p><\/p>\n\n\n\n<p><\/p>\n\n\n\n<p><\/p>\n\n\n\n<p><\/p>\n\n\n\n<p><\/p>\n\n\n\n<h2 class=\"wp-block-heading\"><strong>Banco de Costa Rica (BCR)<\/strong><\/h2>\n\n\n\n<ul class=\"wp-block-list\">\n<li><strong>Sinpe:<\/strong> 8973 1001<\/li>\n\n\n\n<li><strong>IBAN:<\/strong> CR81 0152 0124 5000 3284 07<\/li>\n\n\n\n<li><strong>Account Name<\/strong> Fundaci\u00f3n para el Desarrollo del Centro Biol\u00f3gico Las Quebradas (FUDEBIOL)<\/li>\n\n\n\n<li><strong>Corporate ID<\/strong> 3-006-101357<\/li>\n<\/ul>\n\n\n\n<hr class=\"wp-block-separator has-alpha-channel-opacity\"\/>\n\n\n\n<h3 class=\"wp-block-heading\"> <\/h3>\n\n\n\n<p><\/p>\n\n\n\n<h2 class=\"wp-block-heading\"><strong>Program: My Tree for Life Initiative<\/strong><\/h2>\n\n\n\n<p>Adopt a tree with a one-time donation. Your contribution directly supports reforestation and the purchase of land to protect the Quebradas River\u2019s natural springs.<\/p>\n\n\n\n<hr class=\"wp-block-separator has-alpha-channel-opacity\"\/>\n\n\n\n<p><\/p>\n\n\n\n<p><\/p>\n\n\n\n<p><\/p>\n\n\n\n<p><\/p>\n\n\n\n<p><\/p>\n\n\n\n<p><\/p>\n\n\n\n<p><\/p>\n\n\n\n<p><\/p>\n\n\n\n<p><\/p>\n\n\n\n<p><\/p>\n\n\n\n<p><\/p>\n\n\n\n<p><\/p>\n\n\n\n<p><\/p>\n\n\n\n<p><\/p>\n\n\n\n<h2 class=\"wp-block-heading has-text-align-left\"><strong>International Donations<\/strong><\/h2>\n\n\n\n<p><\/p>\n\n\n\n<p><\/p>\n\n\n\n<p><\/p>\n\n\n\n<p><\/p>\n\n\n\n<p><\/p>\n\n\n\n<p><\/p>\n\n\n\n<p>If you live outside Costa Rica, you can still support our projects.<br>Contact us at: <strong><a>fudebiol@gmail.com<\/a><\/strong><br>We\u2019ll send you secure ways to donate from anywhere in the world.<\/p>\n\n\n\n<p class=\"has-text-align-left\" id=\"viewer-fy24v352\"><\/p>\n\n\n\n<p><\/p>\n\n\n\n<p><\/p>\n\n\n\n<p><\/p>\n\n\n\n<figure class=\"wp-block-embed is-type-video is-provider-youtube wp-block-embed-youtube wp-embed-aspect-16-9 wp-has-aspect-ratio\"><div class=\"wp-block-embed__wrapper\">\n<iframe title=\"FUDEBIOL: A Natural Gem in P\u00e9rez Zeled\u00f3n\" width=\"500\" height=\"281\" src=\"https:\/\/www.youtube.com\/embed\/Q_-f9l5EvXo?feature=oembed\" frameborder=\"0\" allow=\"accelerometer; autoplay; clipboard-write; encrypted-media; gyroscope; picture-in-picture; web-share\" referrerpolicy=\"strict-origin-when-cross-origin\" allowfullscreen><\/iframe>\n<\/div><\/figure>\n\n\n\n<p><\/p>\n\n\n\n<p><\/p>\n\n\n\n<figure class=\"wp-block-embed is-type-video is-provider-youtube wp-block-embed-youtube wp-embed-aspect-16-9 wp-has-aspect-ratio\"><div class=\"wp-block-embed__wrapper\">\n<iframe title=\"FUDEBIOL: A Natural Gem in P\u00e9rez Zeled\u00f3n\" width=\"500\" height=\"281\" src=\"https:\/\/www.youtube.com\/embed\/Q_-f9l5EvXo?feature=oembed\" frameborder=\"0\" allow=\"accelerometer; autoplay; clipboard-write; encrypted-media; gyroscope; picture-in-picture; web-share\" referrerpolicy=\"strict-origin-when-cross-origin\" allowfullscreen><\/iframe>\n<\/div><\/figure>\n\n\n\n<figure class=\"wp-block-embed is-type-video is-provider-youtube wp-block-embed-youtube wp-embed-aspect-16-9 wp-has-aspect-ratio\"><div class=\"wp-block-embed__wrapper\">\n<iframe title=\"FUDEBIOL: A Natural Gem in P\u00e9rez Zeled\u00f3n\" width=\"500\" height=\"281\" src=\"https:\/\/www.youtube.com\/embed\/Q_-f9l5EvXo?feature=oembed\" frameborder=\"0\" allow=\"accelerometer; autoplay; clipboard-write; encrypted-media; gyroscope; picture-in-picture; web-share\" referrerpolicy=\"strict-origin-when-cross-origin\" allowfullscreen><\/iframe>\n<\/div><\/figure>\n\n\n\n<figure class=\"wp-block-embed is-type-video is-provider-youtube wp-block-embed-youtube wp-embed-aspect-16-9 wp-has-aspect-ratio\"><div class=\"wp-block-embed__wrapper\">\n<iframe title=\"FUDEBIOL: A Natural Gem in P\u00e9rez Zeled\u00f3n\" width=\"500\" height=\"281\" src=\"https:\/\/www.youtube.com\/embed\/Q_-f9l5EvXo?feature=oembed\" frameborder=\"0\" allow=\"accelerometer; autoplay; clipboard-write; encrypted-media; gyroscope; picture-in-picture; web-share\" referrerpolicy=\"strict-origin-when-cross-origin\" allowfullscreen><\/iframe>\n<\/div><\/figure>\n\n\n\n<figure class=\"wp-block-embed is-type-video is-provider-youtube wp-block-embed-youtube wp-embed-aspect-16-9 wp-has-aspect-ratio\"><div class=\"wp-block-embed__wrapper\">\n<iframe title=\"FUDEBIOL: A Natural Gem in P\u00e9rez Zeled\u00f3n\" width=\"500\" height=\"281\" src=\"https:\/\/www.youtube.com\/embed\/Q_-f9l5EvXo?feature=oembed\" frameborder=\"0\" allow=\"accelerometer; autoplay; clipboard-write; encrypted-media; gyroscope; picture-in-picture; web-share\" referrerpolicy=\"strict-origin-when-cross-origin\" allowfullscreen><\/iframe>\n<\/div><\/figure>\n<\/div><\/div>\n<\/div><\/section><\/div>\n\n\n\n<div class=\"section-wrapper\" data-id=\"JG54dV\"><section class=\"wp-block-gutenverse-section guten-element guten-section guten-JG54dV layout-boxed align-stretch\"><div class=\"guten-container guten-column-gap-no\">\n<div class=\"wp-block-gutenverse-column guten-element guten-column guten-ya1pr9\"><div class=\"guten-column-wrapper\" data-id=\"ya1pr9\"><\/div><\/div>\n<\/div><\/section><\/div>\n\n\n\n<div class=\"section-wrapper\" data-id=\"AbiCzK\"><section class=\"wp-block-gutenverse-section guten-element guten-section guten-AbiCzK layout-boxed align-stretch\"><div class=\"guten-container guten-column-gap-no\">\n<div class=\"wp-block-gutenverse-column guten-element guten-column guten-Ssqa3D\"><div class=\"guten-column-wrapper\" data-id=\"Ssqa3D\">\n<div class=\"section-wrapper\" data-id=\"U6FAMi\"><section class=\"wp-block-gutenverse-section guten-element guten-section guten-U6FAMi layout-boxed align-stretch\"><div class=\"guten-container guten-column-gap-no\">\n<div class=\"wp-block-gutenverse-column guten-element guten-column guten-VvUxOX\"><div class=\"guten-column-wrapper\" data-id=\"VvUxOX\">\n<div class=\"wp-block-gutenverse-image guten-element guten-image guten-JNsDX8\"><div class=\"guten-image-wrapper\"><img fetchpriority=\"high\" decoding=\"async\" class=\"gutenverse-image-box-filled\" src=\"http:\/\/fudebiol.com\/wp-content\/uploads\/2025\/11\/LOGO-BLANCO.png\" height=\"792\" width=\"612\"\/><\/div><\/div>\n\n\n\n<div class=\"guten-element gutenverse-text-editor guten-o3WrmD\"><div class=\"text-content-inner\">\n<p class=\"has-text-align-center\">FUDEBIOL is an environmental foundation in P\u00e9rez Zeled\u00f3n. <\/p>\n<\/div><\/div>\n<\/div><\/div>\n\n\n\n<div class=\"wp-block-gutenverse-column guten-element guten-column guten-mb3Miv\"><div class=\"guten-column-wrapper\" data-id=\"mb3Miv\">\n<h3 class=\"wp-block-gutenverse-heading guten-element guten-z4qQqM\">Quick Links<\/h3>\n\n\n\n<div class=\"guten-element guten-icon-list guten-0IXaB7\"><div class=\"list-wrapper\">\n<div class=\"guten-element guten-icon-list-item guten-ZXJmqo\"><div class=\"list-divider\"><\/div><a id=\"guten-ZXJmqo\" href=\"#\"><i class=\"\"><\/i><span class=\"list-text\">Home<\/span><\/a><\/div>\n\n\n\n<div class=\"guten-element guten-icon-list-item guten-dRaiNb\"><div class=\"list-divider\"><\/div><a id=\"guten-dRaiNb\" href=\"#\"><i class=\"\"><\/i><span class=\"list-text\">About Us<\/span><\/a><\/div>\n\n\n\n<div class=\"guten-element guten-icon-list-item guten-lG3uZG\"><div class=\"list-divider\"><\/div><a id=\"guten-lG3uZG\" href=\"#\"><i class=\"\"><\/i><span class=\"list-text\">Destination<\/span><\/a><\/div>\n\n\n\n<div class=\"guten-element guten-icon-list-item guten-JwILWP\"><div class=\"list-divider\"><\/div><a id=\"guten-JwILWP\" href=\"#\"><i class=\"\"><\/i><span class=\"list-text\">Contact <\/span><\/a><\/div>\n<\/div><\/div>\n<\/div><\/div>\n\n\n\n<div class=\"wp-block-gutenverse-column guten-element guten-column guten-RSsUF5\"><div class=\"guten-column-wrapper\" data-id=\"RSsUF5\">\n<h2 class=\"wp-block-gutenverse-heading guten-element guten-iWjynu\">Other Pages<\/h2>\n\n\n\n<div class=\"guten-element guten-icon-list guten-pQxhPh\"><div class=\"list-wrapper\">\n<div class=\"guten-element guten-icon-list-item guten-pdYjEs\"><div class=\"list-divider\"><\/div><a id=\"guten-pdYjEs\" href=\"#\"><i class=\"\"><\/i><span class=\"list-text\">Privacy &#038; Policy<\/span><\/a><\/div>\n\n\n\n<div class=\"guten-element guten-icon-list-item guten-4Mod4Y\"><div class=\"list-divider\"><\/div><a id=\"guten-4Mod4Y\" href=\"#\"><i class=\"\"><\/i><span class=\"list-text\">Terms of Use<\/span><\/a><\/div>\n\n\n\n<div class=\"guten-element guten-icon-list-item guten-IrOLIt\"><div class=\"list-divider\"><\/div><a id=\"guten-IrOLIt\" href=\"#\"><i class=\"\"><\/i><span class=\"list-text\">Disclaimer<\/span><\/a><\/div>\n\n\n\n<div class=\"guten-element guten-icon-list-item guten-VwN1g5\"><div class=\"list-divider\"><\/div><a id=\"guten-VwN1g5\" href=\"#\"><i class=\"\"><\/i><span class=\"list-text\">FAQ<\/span><\/a><\/div>\n<\/div><\/div>\n<\/div><\/div>\n\n\n\n<div class=\"wp-block-gutenverse-column guten-element guten-column guten-HMZQ8B\"><div class=\"guten-column-wrapper\" data-id=\"HMZQ8B\">\n<h2 class=\"wp-block-gutenverse-heading guten-element guten-nn9sgO\">Contact Information<\/h2>\n\n\n\n<div class=\"guten-element guten-icon-list guten-4nlrWW\"><div class=\"list-wrapper\">\n<div class=\"guten-element guten-icon-list-item guten-iWujvK\"><div class=\"list-divider\"><\/div><a id=\"guten-iWujvK\" href=\"#\"><i class=\"fas fa-map-marker-alt\"><\/i><span class=\"list-text\">8 kil\u00f3metros al norte de San Isidro de El General, Distrito de Quebradas, P\u00e9rez Zeled\u00f3n, Costa Rica.<\/span><\/a><\/div>\n\n\n\n<div class=\"guten-element guten-icon-list-item guten-ybQ94V\"><div class=\"list-divider\"><\/div><a id=\"guten-ybQ94V\" href=\"#\"><i class=\"fas fa-phone\"><\/i><span class=\"list-text\">+506 89731001<\/span><\/a><\/div>\n\n\n\n<div class=\"guten-element guten-icon-list-item guten-4rZbVZ\"><div class=\"list-divider\"><\/div><a id=\"guten-4rZbVZ\" href=\"#\"><i class=\"fas fa-envelope\"><\/i><span class=\"list-text\">fudebiol@gmail.com<\/span><\/a><\/div>\n<\/div><\/div>\n<\/div><\/div>\n<\/div><\/section><\/div>\n\n\n\n<div class=\"wp-block-gutenverse-divider guten-element guten-divider guten-ohm74V\"><div class=\"guten-divider-wrapper\"><div class=\"guten-divider-default guten-divider-line guten-divider-regular\"><\/div><\/div><\/div>\n\n\n\n<div class=\"section-wrapper\" data-id=\"WIqIQx\"><section class=\"wp-block-gutenverse-section guten-element guten-section guten-WIqIQx layout-boxed align-stretch\"><div class=\"guten-container guten-column-gap-no\">\n<div class=\"wp-block-gutenverse-column guten-element guten-column guten-CliyCk\"><div class=\"guten-column-wrapper\" data-id=\"CliyCk\">\n<p aria-label=\"Text Paragraph\" class=\"guten-element gutenverse-text guten-gOIpoE\"><\/p>\n<\/div><\/div>\n\n\n\n<div class=\"wp-block-gutenverse-column guten-element guten-column guten-WACzB1\"><div class=\"guten-column-wrapper\" data-id=\"WACzB1\">\n<p aria-label=\"Text Paragraph\" class=\"guten-element gutenverse-text guten-LuWBqC\">Copyright \u00a9 2025. All rights reserved.<\/p>\n<\/div><\/div>\n<\/div><\/section><\/div>\n\n\n\n<div class=\"guten-element guten-social-icons guten-6xFpfc rounded horizontal fill\"><\/div>\n<\/div><\/div>\n<\/div><\/section><\/div>","protected":false},"excerpt":{"rendered":"","protected":false},"author":1,"featured_media":0,"parent":0,"menu_order":0,"comment_status":"closed","ping_status":"closed","template":"blank-canvas","meta":{"footnotes":""},"class_list":["post-130","page","type-page","status-publish","hentry"],"_links":{"self":[{"href":"http:\/\/fudebiol.com\/en\/wp-json\/wp\/v2\/pages\/130","targetHints":{"allow":["GET"]}}],"collection":[{"href":"http:\/\/fudebiol.com\/en\/wp-json\/wp\/v2\/pages"}],"about":[{"href":"http:\/\/fudebiol.com\/en\/wp-json\/wp\/v2\/types\/page"}],"author":[{"embeddable":true,"href":"http:\/\/fudebiol.com\/en\/wp-json\/wp\/v2\/users\/1"}],"replies":[{"embeddable":true,"href":"http:\/\/fudebiol.com\/en\/wp-json\/wp\/v2\/comments?post=130"}],"version-history":[{"count":31,"href":"http:\/\/fudebiol.com\/en\/wp-json\/wp\/v2\/pages\/130\/revisions"}],"predecessor-version":[{"id":614,"href":"http:\/\/fudebiol.com\/en\/wp-json\/wp\/v2\/pages\/130\/revisions\/614"}],"wp:attachment":[{"href":"http:\/\/fudebiol.com\/en\/wp-json\/wp\/v2\/media?parent=130"}],"curies":[{"name":"wp","href":"https:\/\/api.w.org\/{rel}","templated":true}]}}