{"id":128,"date":"2025-11-04T13:49:16","date_gmt":"2025-11-04T13:49:16","guid":{"rendered":"http:\/\/fudebiol.com\/?page_id=128"},"modified":"2026-04-18T20:14:01","modified_gmt":"2026-04-18T20:14:01","slug":"educacion","status":"publish","type":"page","link":"http:\/\/fudebiol.com\/en\/educacion\/","title":{"rendered":"Environmental Awareness"},"content":{"rendered":"<div class=\"section-wrapper\" data-id=\"qYPkM7\"><section class=\"wp-block-gutenverse-section guten-element guten-section guten-qYPkM7 layout-boxed align-stretch\"><div class=\"guten-container guten-column-gap-default\">\n<div class=\"wp-block-gutenverse-column guten-element guten-column guten-85BUh2\"><div class=\"guten-column-wrapper\" data-id=\"85BUh2\"><div class=\"guten-background-overlay\"><\/div>\n<div class=\"wp-block-group is-layout-constrained wp-block-group-is-layout-constrained\"><div id=\"guten-f645p8\" class=\"guten-element guten-nav-menu nav-menu break-point-tablet submenu-click-icon\" data-item-indicator=\"gtn gtn-chevron-down-light\" data-close-on-click=\"1\">\n\t\t\t<div class=\"gutenverse-hamburger-wrapper\">\n\t\t\t\t<button class=\"gutenverse-hamburger-menu\" aria-label=\"\">\n\t\t\t\t\t<i aria-hidden=\"true\" class=\"gtn gtn-menu-1-light\"><\/i>\n\t\t\t\t<\/button>\n\t\t\t<\/div>\n\t\t\t\n\t\t\t<div class=\"gutenverse-menu-wrapper\"><div class=\"gutenverse-menu-container\"><ul id=\"menu-fudebiol-menu\" class=\"gutenverse-menu\"><li id=\"menu-item-46\" class=\"menu-item menu-item-type-custom menu-item-object-custom menu-item-46\"><a href=\"javascript:void(0);\" data-href=\"http:\/\/fudebiol.com\/\">Home<\/a><\/li>\n<li id=\"menu-item-47\" class=\"menu-item menu-item-type-custom menu-item-object-custom menu-item-has-children menu-item-47\"><a href=\"javascript:void(0);\" data-href=\"http:\/\/fudebiol.com\/?page_id=63\">About Us<\/a>\n<ul class=\"sub-menu\">\n\t<li id=\"menu-item-48\" class=\"menu-item menu-item-type-custom menu-item-object-custom menu-item-48\"><a href=\"javascript:void(0);\" data-href=\"http:\/\/fudebiol.com\/?page_id=71\">Projects and Services<\/a><\/li>\n\t<li id=\"menu-item-49\" class=\"menu-item menu-item-type-custom menu-item-object-custom menu-item-49\"><a href=\"javascript:void(0);\" data-href=\"http:\/\/fudebiol.com\/?page_id=73\">History<\/a><\/li>\n\t<li id=\"menu-item-51\" class=\"menu-item menu-item-type-custom menu-item-object-custom menu-item-51\"><a href=\"javascript:void(0);\" data-href=\"http:\/\/fudebiol.com\/?page_id=77\">FAQs<\/a><\/li>\n<\/ul>\n<\/li>\n<li id=\"menu-item-50\" class=\"menu-item menu-item-type-custom menu-item-object-custom menu-item-50\"><a href=\"javascript:void(0);\" data-href=\"http:\/\/fudebiol.com\/?page_id=128\">Environmental Education<\/a><\/li>\n<li id=\"menu-item-53\" class=\"menu-item menu-item-type-custom menu-item-object-custom menu-item-53\"><a href=\"javascript:void(0);\" data-href=\"http:\/\/fudebiol.com\/?page_id=82\">Volunteering<\/a><\/li>\n<li id=\"menu-item-52\" class=\"menu-item menu-item-type-custom menu-item-object-custom menu-item-has-children menu-item-52\"><a href=\"javascript:void(0);\" data-href=\"http:\/\/fudebiol.com\/?page_id=78\">Gallery<\/a>\n<ul class=\"sub-menu\">\n\t<li id=\"menu-item-407\" class=\"menu-item menu-item-type-post_type menu-item-object-page menu-item-407\"><a href=\"javascript:void(0);\" data-href=\"http:\/\/fudebiol.com\/en\/eventos\/\">Events<\/a><\/li>\n<\/ul>\n<\/li>\n<li id=\"menu-item-511\" class=\"menu-item menu-item-type-post_type menu-item-object-page menu-item-511\"><a href=\"javascript:void(0);\" data-href=\"http:\/\/fudebiol.com\/en\/noticias\/\">News<\/a><\/li>\n<li id=\"menu-item-55\" class=\"menu-item menu-item-type-custom menu-item-object-custom menu-item-55\"><a href=\"javascript:void(0);\" data-href=\"http:\/\/fudebiol.com\/?page_id=85\">Contact<\/a><\/li>\n<\/ul><\/div>\n\t\t\t\t<div>\n\t\t\t\t\t<div class=\"gutenverse-nav-identity-panel\">\n\t\t\t\t\t\t<div class=\"gutenverse-nav-site-title\">\n\t\t\t\t\t\t\t<a href=\"http:\/\/fudebiol.com\/en\" class=\"gutenverse-nav-logo\"><img decoding=\"async\" src=\"http:\/\/fudebiol.com\/wp-content\/uploads\/2025\/11\/LOGO-BLANCO-232x300.png\" alt=\"Fudebiol - - P\u00e9rez Zeled\u00f3n\"><\/a>\n\t\t\t\t\t\t<\/div>\n\t\t\t\t\t\t<button class=\"gutenverse-close-menu\" aria-label=\"\"><i aria-hidden=\"true\" class=\"gtn gtn-times-solid\"><\/i><\/button>\n\t\t\t\t\t<\/div>\n\t\t\t\t<\/div>\n\t\t\t<\/div>\n\t\t<\/div><\/div>\n\n\n\n<div class=\"guten-element guten-button-wrapper guten-uMaH0I hide-tablet hide-mobile\"><a class=\"guten-button guten-button-sm\" href=\"http:\/\/fudebiol.com\/en\/?page_id=130\"><span>DONATE<\/span><\/a><\/div>\n<\/div><\/div>\n<\/div><\/section><\/div>\n\n\n\n<div class=\"section-wrapper\" data-id=\"Ji0cbs\"><section class=\"wp-block-gutenverse-section guten-element guten-section guten-Ji0cbs layout-boxed align-stretch\"><div class=\"guten-background-overlay\"><\/div><div class=\"guten-container guten-column-gap-no\">\n<div class=\"wp-block-gutenverse-column guten-element guten-column guten-NsnBAF\"><div class=\"guten-column-wrapper\" data-id=\"NsnBAF\">\n<h1 class=\"wp-block-gutenverse-heading guten-element guten-R7zDJS\">Environmental Education <\/h1>\n\n\n\n<p aria-label=\"Text Paragraph\" class=\"guten-element gutenverse-text\"><\/p>\n<\/div><\/div>\n<\/div><\/section><\/div>\n\n\n\n<div class=\"section-wrapper\" data-id=\"W0p7m6\"><section class=\"wp-block-gutenverse-section guten-element guten-section guten-W0p7m6 layout-boxed align-stretch\"><div class=\"guten-container guten-column-gap-no\">\n<div class=\"wp-block-gutenverse-column guten-element guten-column guten-0unBY5\"><div class=\"guten-column-wrapper\" data-id=\"0unBY5\">\n<div class=\"guten-element guten-wrap-helper no-margin guten-zyV68f flex\"><div class=\"guten-inner-wrap\" data-id=\"zyV68f\">\n<h2 class=\"wp-block-gutenverse-heading guten-element guten-NKXVNI\">What We Aim For<\/h2>\n\n\n\n<div class=\"guten-element gutenverse-text-editor guten-zB2wY6\"><div class=\"text-content-inner\">\n<p>Environmental education is one of FUDEBIOL\u2019s core pillars. Through educational programs and hands-on experiences, we aim to raise awareness among children, youth, and adults about the importance of protecting the water, forests, and biodiversity of the Quebradas River watershed.<\/p>\n\n\n\n<p><\/p>\n\n\n\n<p>At FUDEBIOL, environmental education is built on <strong>four core objectives<\/strong> of the foundation:<\/p>\n<\/div><\/div>\n<\/div><\/div>\n\n\n\n<div class=\"section-wrapper\" data-id=\"WUkaZR\"><section class=\"wp-block-gutenverse-section guten-element guten-section guten-WUkaZR layout-boxed align-stretch\"><div class=\"guten-container guten-column-gap-no\">\n<div class=\"wp-block-gutenverse-column guten-element guten-column guten-myiJGM\"><div class=\"guten-column-wrapper\" data-id=\"myiJGM\">\n<div class=\"wp-block-gutenverse-team guten-element guten-team guten-jKWRkB\"><div class=\"profile-box\"><div class=\"profile-card card-overlay scale\"><img decoding=\"async\" src=\"http:\/\/fudebiol.com\/wp-content\/uploads\/2025\/11\/DJI_0801-scaled.jpg\" alt=\"\"\/><div class=\"profile-body center\"><h3 class=\"profile-title\" aria-label=\"Profile Name\"><\/h3><p class=\"profile-sub\" aria-label=\"Profile Job\"><\/p><p class=\"profile-desc\" aria-label=\"Team Description\"><strong>To protect water springs<\/strong> that supply San Isidro de El General.<\/p><\/div><\/div><\/div><\/div>\n<\/div><\/div>\n\n\n\n<div class=\"wp-block-gutenverse-column guten-element guten-column guten-X271PG\"><div class=\"guten-column-wrapper\" data-id=\"X271PG\">\n<div class=\"wp-block-gutenverse-team guten-element guten-team guten-HK4eZy\"><div class=\"profile-box\"><div class=\"profile-card card-overlay scale\"><img decoding=\"async\" src=\"http:\/\/fudebiol.com\/wp-content\/uploads\/2025\/12\/flor2-scaled.jpg\" alt=\"\"\/><div class=\"profile-body center\"><h3 class=\"profile-title\" aria-label=\"Profile Name\"><\/h3><p class=\"profile-sub\" aria-label=\"Profile Job\"><\/p><p class=\"profile-desc\" aria-label=\"Team Description\"><br>Promote sustainability within the Quebradas River watershed.<\/p><\/div><\/div><\/div><\/div>\n<\/div><\/div>\n\n\n\n<div class=\"wp-block-gutenverse-column guten-element guten-column guten-N3nK6N\"><div class=\"guten-column-wrapper\" data-id=\"N3nK6N\">\n<div class=\"wp-block-gutenverse-team guten-element guten-team guten-Egavxh\"><div class=\"profile-box\"><div class=\"profile-card card-overlay scale\"><img decoding=\"async\" src=\"http:\/\/fudebiol.com\/wp-content\/uploads\/2025\/11\/482224682_1045801097572428_3528021994634340594_n.jpg\" alt=\"\"\/><div class=\"profile-body center\"><h3 class=\"profile-title\" aria-label=\"Profile Name\"><\/h3><p class=\"profile-sub\" aria-label=\"Profile Job\"><\/p><p class=\"profile-desc\" aria-label=\"Team Description\"><strong>Educate and raise community awareness<\/strong>, especially children and students.<\/p><\/div><\/div><\/div><\/div>\n<\/div><\/div>\n\n\n\n<div class=\"wp-block-gutenverse-column guten-element guten-column guten-bYW6bs\"><div class=\"guten-column-wrapper\" data-id=\"bYW6bs\">\n<div class=\"wp-block-gutenverse-team guten-element guten-team guten-5hN0do\"><div class=\"profile-box\"><div class=\"profile-card card-overlay scale\"><img decoding=\"async\" src=\"http:\/\/fudebiol.com\/wp-content\/uploads\/2025\/11\/DSC00894-scaled.jpg\" alt=\"\"\/><div class=\"profile-body center\"><h3 class=\"profile-title\" aria-label=\"Profile Name\"><\/h3><p class=\"profile-sub\" aria-label=\"Profile Job\">FUDEBIOL supports scientific studies on biodiversity, water springs, flora, and fauna.<\/p><div class=\"socials-wrapper\">\n<div class=\"guten-element guten-social-icons guten-OMqBkO rounded horizontal fill\"><\/div>\n\n\n\n<div class=\"guten-element guten-social-icons guten-FuBZDW rounded horizontal fill\">\n<div class=\"guten-element guten-social-icon guten-EATd5d wordpress\"><a id=\"guten-EATd5d\"><i class=\"fab fa-wordpress\"><\/i><\/a><\/div>\n<\/div>\n<\/div><\/div><\/div><\/div><\/div>\n<\/div><\/div>\n<\/div><\/section><\/div>\n<\/div><\/div>\n<\/div><\/section><\/div>\n\n\n\n<div class=\"section-wrapper\" data-id=\"PLVnxJ\"><section class=\"wp-block-gutenverse-section guten-element guten-section guten-PLVnxJ layout-boxed align-stretch\"><div class=\"guten-container guten-column-gap-no\">\n<div class=\"wp-block-gutenverse-column guten-element guten-column guten-UbkGuK\"><div class=\"guten-column-wrapper\" data-id=\"UbkGuK\">\n<div class=\"section-wrapper\" data-id=\"SjBwPm\"><section class=\"wp-block-gutenverse-section guten-element guten-section guten-SjBwPm layout-boxed align-stretch\"><div class=\"guten-container guten-column-gap-no\">\n<div class=\"wp-block-gutenverse-column guten-element guten-column guten-TcmtdZ\"><div class=\"guten-column-wrapper\" data-id=\"TcmtdZ\">\n<h2 class=\"wp-block-gutenverse-heading guten-element guten-4KiiO9\">Programs and Activities<\/h2>\n\n\n\n<div class=\"guten-element gutenverse-text-editor guten-xMTPUQ\"><div class=\"text-content-inner\">\n<p>FUDEBIOL develops workshops, guided tours, talks, and events such as Water Fair and Arbor Day, designed for children, youth, and adults to learn about water conservation, biodiversity, and forests. Each activity combines education, hands-on nature experiences, and environmental awareness.<\/p>\n<\/div><\/div>\n<\/div><\/div>\n\n\n\n<div class=\"wp-block-gutenverse-column guten-element guten-column guten-ExRc5O\"><div class=\"guten-column-wrapper\" data-id=\"ExRc5O\">\n<div class=\"guten-element guten-button-wrapper guten-RQoQa2\"><a class=\"guten-button guten-button-sm\" href=\"http:\/\/fudebiol.com\/en\/?page_id=130\"><span>Donate<\/span><\/a><\/div>\n<\/div><\/div>\n<\/div><\/section><\/div>\n\n\n\n<div class=\"section-wrapper\" data-id=\"PIGh3y\"><section class=\"wp-block-gutenverse-section guten-element guten-section guten-PIGh3y layout-boxed align-stretch\"><div class=\"guten-container guten-column-gap-no\">\n<div class=\"wp-block-gutenverse-column guten-element guten-column guten-xhR9oi\"><div class=\"guten-column-wrapper\" data-id=\"xhR9oi\">\n<div class=\"guten-element gutenverse-text-editor guten-WAXqte\"><div class=\"text-content-inner\"><\/div><\/div>\n\n\n\n<div class=\"wp-block-gutenverse-team guten-element guten-team guten-lXUmAb\"><div class=\"profile-box\"><div class=\"profile-card card-overlay default\"><img decoding=\"async\" src=\"http:\/\/fudebiol.com\/wp-content\/uploads\/2025\/11\/DJI_0604-1-scaled.jpg\" alt=\"\"\/><div class=\"profile-body center\"><h3 class=\"profile-title\" aria-label=\"Profile Name\"><\/h3><p class=\"profile-sub\" aria-label=\"Profile Job\"><strong> Guided tours for schools and colleges<br><\/strong>Guided educational walks along interpretive trails, where students <br>learn about plant and animal life, ecosystems, and the importance of water.<br><strong>Environmental workshops and presentations<\/strong><br>Activities designed for groups, institutions, and businesses focused on conservation, <br>recycling, climate change, and sustainability.<br><strong>Water Festival<\/strong><br>An annual event that brings together hundreds of people through recreational and cultural activities<br> and educational activities that encourage the responsible use of water.<br><strong>Tree Day<br><\/strong>A tree-planting and educational event that fosters respect for the forest <br>and highlights the importance of preserving forest cover.<br><strong>Nature Learning School<\/strong><br>A space designed for hands-on learning, ideal for workshops, <br>training sessions and educational programs set in the heart of the forest.<\/p><div class=\"socials-wrapper\">\n<div class=\"guten-element guten-social-icons guten-KDDIh5 rounded horizontal fill\">\n<div class=\"guten-element guten-social-icon guten-O9ZZ2u wordpress\"><a id=\"guten-O9ZZ2u\"><i class=\"fab fa-wordpress\"><\/i><\/a><\/div>\n<\/div>\n<\/div><\/div><\/div><\/div><\/div>\n\n\n\n<div class=\"guten-element guten-advanced-heading guten-MOFU8D\"><div class=\"heading-section\"><h3 class=\"heading-title\"><span class=\"heading-title\">Community Impact<\/span><span class=\"heading-focus\"><\/span><\/h3><\/div><span class=\"heading-subtitle\">Every year, hundreds of children, young people, and visitors take part in our programs, strengthening their connection with nature and developing habits that help protect the environment. Environmental education allows us to multiply our efforts and build a culture of conservation that will last for generations<\/span><\/div>\n<\/div><\/div>\n<\/div><\/section><\/div>\n<\/div><\/div>\n<\/div><\/section><\/div>\n\n\n\n<div class=\"section-wrapper\" data-id=\"JG54dV\"><section class=\"wp-block-gutenverse-section guten-element guten-section guten-JG54dV layout-boxed align-stretch\"><div class=\"guten-container guten-column-gap-no\">\n<div class=\"wp-block-gutenverse-column guten-element guten-column guten-ya1pr9\"><div class=\"guten-column-wrapper\" data-id=\"ya1pr9\"><\/div><\/div>\n<\/div><\/section><\/div>\n\n\n\n<div class=\"section-wrapper\" data-id=\"AbiCzK\"><section class=\"wp-block-gutenverse-section guten-element guten-section guten-AbiCzK layout-boxed align-stretch\"><div class=\"guten-container guten-column-gap-no\">\n<div class=\"wp-block-gutenverse-column guten-element guten-column guten-Ssqa3D\"><div class=\"guten-column-wrapper\" data-id=\"Ssqa3D\">\n<div class=\"section-wrapper\" data-id=\"U6FAMi\"><section class=\"wp-block-gutenverse-section guten-element guten-section guten-U6FAMi layout-boxed align-stretch\"><div class=\"guten-container guten-column-gap-no\">\n<div class=\"wp-block-gutenverse-column guten-element guten-column guten-VvUxOX\"><div class=\"guten-column-wrapper\" data-id=\"VvUxOX\">\n<div class=\"wp-block-gutenverse-image guten-element guten-image guten-JNsDX8\"><div class=\"guten-image-wrapper\"><img fetchpriority=\"high\" decoding=\"async\" class=\"gutenverse-image-box-filled\" src=\"http:\/\/fudebiol.com\/wp-content\/uploads\/2025\/11\/LOGO-BLANCO.png\" height=\"792\" width=\"612\"\/><\/div><\/div>\n\n\n\n<div class=\"guten-element gutenverse-text-editor guten-o3WrmD\"><div class=\"text-content-inner\">\n<p class=\"has-text-align-center\">FUDEBIOL is an environmental foundation in P\u00e9rez Zeled\u00f3n. <\/p>\n<\/div><\/div>\n<\/div><\/div>\n\n\n\n<div class=\"wp-block-gutenverse-column guten-element guten-column guten-mb3Miv\"><div class=\"guten-column-wrapper\" data-id=\"mb3Miv\">\n<h3 class=\"wp-block-gutenverse-heading guten-element guten-z4qQqM\">Quick Links<\/h3>\n\n\n\n<div class=\"guten-element guten-icon-list guten-0IXaB7\"><div class=\"list-wrapper\">\n<div class=\"guten-element guten-icon-list-item guten-ZXJmqo\"><div class=\"list-divider\"><\/div><a id=\"guten-ZXJmqo\" href=\"#\"><i class=\"\"><\/i><span class=\"list-text\">Home<\/span><\/a><\/div>\n\n\n\n<div class=\"guten-element guten-icon-list-item guten-dRaiNb\"><div class=\"list-divider\"><\/div><a id=\"guten-dRaiNb\" href=\"#\"><i class=\"\"><\/i><span class=\"list-text\">About Us<\/span><\/a><\/div>\n\n\n\n<div class=\"guten-element guten-icon-list-item guten-lG3uZG\"><div class=\"list-divider\"><\/div><a id=\"guten-lG3uZG\" href=\"#\"><i class=\"\"><\/i><span class=\"list-text\">Destination<\/span><\/a><\/div>\n\n\n\n<div class=\"guten-element guten-icon-list-item guten-JwILWP\"><div class=\"list-divider\"><\/div><a id=\"guten-JwILWP\" href=\"#\"><i class=\"\"><\/i><span class=\"list-text\">Contact <\/span><\/a><\/div>\n<\/div><\/div>\n<\/div><\/div>\n\n\n\n<div class=\"wp-block-gutenverse-column guten-element guten-column guten-RSsUF5\"><div class=\"guten-column-wrapper\" data-id=\"RSsUF5\">\n<h2 class=\"wp-block-gutenverse-heading guten-element guten-iWjynu\">Other Pages<\/h2>\n\n\n\n<div class=\"guten-element guten-icon-list guten-pQxhPh\"><div class=\"list-wrapper\">\n<div class=\"guten-element guten-icon-list-item guten-pdYjEs\"><div class=\"list-divider\"><\/div><a id=\"guten-pdYjEs\" href=\"#\"><i class=\"\"><\/i><span class=\"list-text\">Privacy &#038; Policy<\/span><\/a><\/div>\n\n\n\n<div class=\"guten-element guten-icon-list-item guten-4Mod4Y\"><div class=\"list-divider\"><\/div><a id=\"guten-4Mod4Y\" href=\"#\"><i class=\"\"><\/i><span class=\"list-text\">Terms of Use<\/span><\/a><\/div>\n\n\n\n<div class=\"guten-element guten-icon-list-item guten-IrOLIt\"><div class=\"list-divider\"><\/div><a id=\"guten-IrOLIt\" href=\"#\"><i class=\"\"><\/i><span class=\"list-text\">Disclaimer<\/span><\/a><\/div>\n\n\n\n<div class=\"guten-element guten-icon-list-item guten-VwN1g5\"><div class=\"list-divider\"><\/div><a id=\"guten-VwN1g5\" href=\"#\"><i class=\"\"><\/i><span class=\"list-text\">FAQ<\/span><\/a><\/div>\n<\/div><\/div>\n<\/div><\/div>\n\n\n\n<div class=\"wp-block-gutenverse-column guten-element guten-column guten-HMZQ8B\"><div class=\"guten-column-wrapper\" data-id=\"HMZQ8B\">\n<h2 class=\"wp-block-gutenverse-heading guten-element guten-nn9sgO\">Contact Information<\/h2>\n\n\n\n<div class=\"guten-element guten-icon-list guten-4nlrWW\"><div class=\"list-wrapper\">\n<div class=\"guten-element guten-icon-list-item guten-iWujvK\"><div class=\"list-divider\"><\/div><a id=\"guten-iWujvK\" href=\"#\"><i class=\"fas fa-map-marker-alt\"><\/i><span class=\"list-text\">8 kil\u00f3metros al norte de San Isidro de El General, Distrito de Quebradas, P\u00e9rez Zeled\u00f3n, Costa Rica.<\/span><\/a><\/div>\n\n\n\n<div class=\"guten-element guten-icon-list-item guten-ybQ94V\"><div class=\"list-divider\"><\/div><a id=\"guten-ybQ94V\" href=\"#\"><i class=\"fas fa-phone\"><\/i><span class=\"list-text\">+506 89731001<\/span><\/a><\/div>\n\n\n\n<div class=\"guten-element guten-icon-list-item guten-4rZbVZ\"><div class=\"list-divider\"><\/div><a id=\"guten-4rZbVZ\" href=\"#\"><i class=\"fas fa-envelope\"><\/i><span class=\"list-text\">fudebiol@gmail.com<\/span><\/a><\/div>\n<\/div><\/div>\n<\/div><\/div>\n<\/div><\/section><\/div>\n\n\n\n<div class=\"wp-block-gutenverse-divider guten-element guten-divider guten-ohm74V\"><div class=\"guten-divider-wrapper\"><div class=\"guten-divider-default guten-divider-line guten-divider-regular\"><\/div><\/div><\/div>\n\n\n\n<div class=\"section-wrapper\" data-id=\"WIqIQx\"><section class=\"wp-block-gutenverse-section guten-element guten-section guten-WIqIQx layout-boxed align-stretch\"><div class=\"guten-container guten-column-gap-no\">\n<div class=\"wp-block-gutenverse-column guten-element guten-column guten-CliyCk\"><div class=\"guten-column-wrapper\" data-id=\"CliyCk\">\n<p aria-label=\"Text Paragraph\" class=\"guten-element gutenverse-text guten-gOIpoE\"><\/p>\n<\/div><\/div>\n\n\n\n<div class=\"wp-block-gutenverse-column guten-element guten-column guten-WACzB1\"><div class=\"guten-column-wrapper\" data-id=\"WACzB1\">\n<p aria-label=\"Text Paragraph\" class=\"guten-element gutenverse-text guten-LuWBqC\">Copyright \u00a9 2025. All rights reserved.<\/p>\n<\/div><\/div>\n<\/div><\/section><\/div>\n\n\n\n<div class=\"guten-element guten-social-icons guten-6xFpfc rounded horizontal fill\"><\/div>\n<\/div><\/div>\n<\/div><\/section><\/div>","protected":false},"excerpt":{"rendered":"","protected":false},"author":1,"featured_media":0,"parent":0,"menu_order":0,"comment_status":"closed","ping_status":"closed","template":"blank-canvas","meta":{"footnotes":""},"class_list":["post-128","page","type-page","status-publish","hentry"],"_links":{"self":[{"href":"http:\/\/fudebiol.com\/en\/wp-json\/wp\/v2\/pages\/128","targetHints":{"allow":["GET"]}}],"collection":[{"href":"http:\/\/fudebiol.com\/en\/wp-json\/wp\/v2\/pages"}],"about":[{"href":"http:\/\/fudebiol.com\/en\/wp-json\/wp\/v2\/types\/page"}],"author":[{"embeddable":true,"href":"http:\/\/fudebiol.com\/en\/wp-json\/wp\/v2\/users\/1"}],"replies":[{"embeddable":true,"href":"http:\/\/fudebiol.com\/en\/wp-json\/wp\/v2\/comments?post=128"}],"version-history":[{"count":44,"href":"http:\/\/fudebiol.com\/en\/wp-json\/wp\/v2\/pages\/128\/revisions"}],"predecessor-version":[{"id":754,"href":"http:\/\/fudebiol.com\/en\/wp-json\/wp\/v2\/pages\/128\/revisions\/754"}],"wp:attachment":[{"href":"http:\/\/fudebiol.com\/en\/wp-json\/wp\/v2\/media?parent=128"}],"curies":[{"name":"wp","href":"https:\/\/api.w.org\/{rel}","templated":true}]}}